{"id":1160,"date":"2022-06-03T10:40:55","date_gmt":"2022-06-03T09:40:55","guid":{"rendered":"https:\/\/www.samiskhalsa.se\/haksoebarkijidie\/"},"modified":"2025-04-25T12:30:20","modified_gmt":"2025-04-25T11:30:20","slug":"haksoebarkijidie","status":"publish","type":"page","link":"\/sv-ss\/haksoebarkijidie\/","title":{"rendered":"H\u00e5ksoebarkijidie"},"content":{"rendered":"<article\n  class=\"p-[8vw] md:py-[8vw] lg:px-[12vw] first-of-type:mt-[var(--navbar-height)] !py-0 my-[4vw] first-of-type:!pt-[4vw]\"\n  aria-label=\"Dutnjien mij saemien pasijenth r\u00e5akh.\"\n  id=\"toppsektion\"\n  class=\"!py-0 my-[4vw] first-of-type:!pt-[4vw]\"\n>\n  <section class=\"max-w-4xl mx-auto md:text-center\">\n          <p class=\"mb-3 text-sm md:mb-8 md:text-lg\">H\u00e5ksoebarkijidie<\/p>\n    \n    <h1 class=\"mb-6 text-lg md:mb-8 md:text-2xl text-red\">Dutnjien mij saemien pasijenth r\u00e5akh.<\/h1>\n    <p class=\"text-sm md:text-lg\">Daesnie nuhteligs b\u00efevnesh dutnjien mij h\u00e5ksosne barkeminie j\u00efh muvhth aejkien saemien pasijenth r\u00e5akh.<\/p>\n  <\/section>\n\n      <figure class=\"mx-auto max-w-7xl\">\n      <img decoding=\"async\" controls=\"controls\"\n  src=\"https:\/\/www.samiskhalsa.se\/app\/uploads\/2022\/06\/5ad32a34cddf736ef5a189abaf69f5e5.jpg\"\n  alt=\"\" title=\"\" loading=lazy class=\"mt-[4vw] object-cover aspect-[12\/7]\"\n  \/>\n                  <figcaption class=\"mt-6 text-sm\">\n          Foto: Carl-Johan Utsi\n        <\/figcaption>\n          <\/figure>\n<\/article>\n\n\n<article\n  class=\"p-[8vw] md:py-[8vw] lg:px-[12vw] first-of-type:mt-[var(--navbar-height)] !py-0 my-[4vw]\"\n  aria-label=\"Text\"\n  id=\"text\"\n  class=\"!py-0 my-[4vw]\"\n>\n  <section class=\"max-w-3xl mx-auto richtext\">\n    <h2><span style=\"font-weight: 400;\">Latjkoe Sanks:ine<\/span><\/h2>\n<p><span style=\"font-weight: 400;\">Regijovne Dalarna, Regijovne J\u00efemhte Herjedaelie, Regijovne Norrbottene j\u00efh Regijovne V\u00e4sterbottene latjkoem Saemien nasjonaale maahtoejarngine psykiske healsoe j\u00efh geeruvevoete, Sanks:ine utnieh. Sanks N\u00f6\u00f6rjesne. Sanks salkehtimmiem j\u00efh g\u00efetedallemem maanijste, noerijste j\u00efh geervealmetjijstie faalede mah psykiske ov-healsoem j\u00efh geeruvevoete tjoeperdimmieh utnieh. Seamma aejkien Sanks:n d\u00efedte seammalaakan h\u00e5ksoem gaajhkide saemide vedtedh.<\/span><\/p>\n<p>Latjkoen mietie regijovnh n\u00f6\u00f6dtieh pasijenth dahkoe sedtedh jis h\u00e5ksoem saemieng\u00efelesne daarpesjieh jallh h\u00e5ksoem mij lea saemien kultuvrine sj\u00efehtesjadteme. D\u00e5akterh j\u00efh psykiatrijh n\u00f6\u00f6dtieh Sanks:m bieljelidh j\u00efh maehtieh viehkiem dejstie \u00e5adtjodh. Maahta konsultasjovnem abpe d\u00e5ehkese vedtedh jallh ajve pasijenten ektine. Latjkosne aaj \u00f6\u00f6hpehtimmie, auskultasjovne, h\u00e5ksoebarkijh maehtieh dahkoe guessine m\u00efnnedh j\u00efh d\u00e5akterh n\u00f6\u00f6rieh lierehtimmiem debpene utnedh.<\/p>\n<p>Vuep! Latjkoe maahta regijovneste regijovnese joekehtadtedh, j\u00efh gihtjh maa dam dov regijovnem gie d\u00efhte mij reaktam \u00e5tna pasijenth Sanks:se seedtedh.<\/p>\n<p>Bieljelh leenekoordinatovrem dov regijovnesne jis b\u00efevnesetjaalegh vuertemetj\u00efehtjelasse jallh pasijentide daarpesjh mah edtjieh Sanks:se vuelkedh. Gaavnh aaj digitaale tjaalegh\/b\u00efevnesh vuelelen maam maahtah veedtjedh.<\/p>\n<p><iframe loading=\"lazy\" title=\"SANKS-avtalet 20220215\" width=\"500\" height=\"281\" src=\"https:\/\/www.youtube.com\/embed\/qxU1XYIcTlw?feature=oembed\" frameborder=\"0\" allow=\"accelerometer; autoplay; clipboard-write; encrypted-media; gyroscope; picture-in-picture; web-share\" referrerpolicy=\"strict-origin-when-cross-origin\" allowfullscreen><\/iframe><\/p>\n<h2><span style=\"font-weight: 400;\">Toelhke<\/span><\/h2>\n<p><span style=\"font-weight: 400;\">Jis toelhkem daarpesjh dle tjoerh voestemes dam organisasjovnen toelhkem nuhtjedh. Vihkeles dam toelhkem varki dangkodh, juktie maahta g\u00eferve \u00e5rrodh toelhkh gaavnedh. <\/span><span style=\"color: rgb(51 51 51\/var(--tw-text-opacity)); font-size: 1.125rem;\">Saemiedigkien s\u00e6jrosne aaj toelhkh g\u00e5\u00e5vnese.<\/span><\/p>\n<p><span style=\"font-size: 1.125rem; color: rgb(51 51 51\/var(--tw-text-opacity));\">Mujhtieh, Sveerjesne g\u00e5\u00e5vnese v\u00efjhte d\u00e5hkasjehteme saemieng\u00efelh Jis ih daejrieh magkeres saemien smaaregem d\u00efhte pasijente soptseste, gihtjh amma!<\/span><\/p>\n<p><span style=\"font-weight: 400;\">Maahta joekoen vihkeles toelhkem utnedh jis edtjh maanah gaavnesjidh. <\/span><\/p>\n<h2 style=\"--tw-translate-x: 0; --tw-translate-y: 0; --tw-rotate: 0; --tw-skew-x: 0; --tw-skew-y: 0; --tw-scale-x: 1; --tw-scale-y: 1; --tw-scroll-snap-strictness: proximity; --tw-ring-offset-width: 0px; --tw-ring-offset-color: #fff; --tw-ring-color: rgba(59,130,246,0.5); --tw-ring-offset-shadow: 0 0 #0000; --tw-ring-shadow: 0 0 #0000; --tw-shadow: 0 0 #0000; --tw-shadow-colored: 0 0 #0000;\"><span style=\"font-weight: 400;\">Care to translate<\/span><\/h2>\n<p><span style=\"font-weight: 400;\"><span style=\"color: rgb(51 51 51\/var(--tw-text-opacity));\">Care to translate lea akte g\u00efeleappe maam maahtah h\u00e5ksosne nuhtjedh. Daate appe lea dovne pasijentide j\u00efh h\u00e5ksoebarkijidie. Mijjieh Saemien healsoevearmadahkine laavenjostebe j\u00efh dan gaavhtan daate appe g\u00e5\u00e5vnese dovne noerhte- j\u00efh luvliesaemiengieline. Maahtah dam \u00e5esehts veedtjedh. <\/span><\/span><\/p>\n\n  <\/section>\n<\/article>\n\n\n<article\n  class=\"p-[8vw] md:py-[8vw] lg:px-[12vw] first-of-type:mt-[var(--navbar-height)] !py-0 my-[4vw]\"\n  aria-label=\"Text\"\n  id=\"text-2\"\n  class=\"!py-0 my-[4vw]\"\n>\n  <section class=\"max-w-3xl mx-auto richtext\">\n    \n  <\/section>\n<\/article>\n\n\n<article\n  class=\"p-[8vw] md:py-[8vw] lg:px-[12vw] first-of-type:mt-[var(--navbar-height)] \"\n  aria-label=\"Linkh\"\n  id=\"referenser\"\n  \n>\n  <section class=\"mx-auto max-w-7xl\">\n    <h2 class=\"text-lg md:text-xl text-red\">\n      Linkh\n    <\/h2>\n    <hr class=\"my-5\">\n    <menu>\n              <li class=\"flex items-center gap-3 mb-5 text-sm md:gap-5 md:text-base last:mb-0\">\n          <svg class=\"flex-none w-5 h-5\" xmlns=\"http:\/\/www.w3.org\/2000\/svg\" class=\"w-5 h-5\" viewBox=\"0 0 20 20\" fill=\"currentColor\">\n  <path fill-rule=\"evenodd\" d=\"M12.586 4.586a2 2 0 112.828 2.828l-3 3a2 2 0 01-2.828 0 1 1 0 00-1.414 1.414 4 4 0 005.656 0l3-3a4 4 0 00-5.656-5.656l-1.5 1.5a1 1 0 101.414 1.414l1.5-1.5zm-5 5a2 2 0 012.828 0 1 1 0 101.414-1.414 4 4 0 00-5.656 0l-3 3a4 4 0 105.656 5.656l1.5-1.5a1 1 0 10-1.414-1.414l-1.5 1.5a2 2 0 11-2.828-2.828l3-3z\" clip-rule=\"evenodd\" \/>\n<\/svg>\n\n                      <a href=\"http:\/\/www.1177.se\/sanks\">\n              <span>Sanks:n b\u00efjre 1177 V\u00e5rdguidesne.<\/span>\n\n                          <\/a>\n                  <\/li>\n              <li class=\"flex items-center gap-3 mb-5 text-sm md:gap-5 md:text-base last:mb-0\">\n          <svg class=\"flex-none w-5 h-5\" xmlns=\"http:\/\/www.w3.org\/2000\/svg\" class=\"w-5 h-5\" viewBox=\"0 0 20 20\" fill=\"currentColor\">\n  <path fill-rule=\"evenodd\" d=\"M12.586 4.586a2 2 0 112.828 2.828l-3 3a2 2 0 01-2.828 0 1 1 0 00-1.414 1.414 4 4 0 005.656 0l3-3a4 4 0 00-5.656-5.656l-1.5 1.5a1 1 0 101.414 1.414l1.5-1.5zm-5 5a2 2 0 012.828 0 1 1 0 101.414-1.414 4 4 0 00-5.656 0l-3 3a4 4 0 105.656 5.656l1.5-1.5a1 1 0 10-1.414-1.414l-1.5 1.5a2 2 0 11-2.828-2.828l3-3z\" clip-rule=\"evenodd\" \/>\n<\/svg>\n\n                      <a href=\"https:\/\/caretotranslate.com\/sv\/\">\n              <span>Care to translate<\/span>\n\n                          <\/a>\n                  <\/li>\n              <li class=\"flex items-center gap-3 mb-5 text-sm md:gap-5 md:text-base last:mb-0\">\n          <svg class=\"flex-none w-5 h-5\" xmlns=\"http:\/\/www.w3.org\/2000\/svg\" class=\"w-5 h-5\" viewBox=\"0 0 20 20\" fill=\"currentColor\">\n  <path fill-rule=\"evenodd\" d=\"M12.586 4.586a2 2 0 112.828 2.828l-3 3a2 2 0 01-2.828 0 1 1 0 00-1.414 1.414 4 4 0 005.656 0l3-3a4 4 0 00-5.656-5.656l-1.5 1.5a1 1 0 101.414 1.414l1.5-1.5zm-5 5a2 2 0 012.828 0 1 1 0 101.414-1.414 4 4 0 00-5.656 0l-3 3a4 4 0 105.656 5.656l1.5-1.5a1 1 0 10-1.414-1.414l-1.5 1.5a2 2 0 11-2.828-2.828l3-3z\" clip-rule=\"evenodd\" \/>\n<\/svg>\n\n                      <a href=\"https:\/\/www.sametinget.se\/oversattare\">\n              <span>Toelhkh j\u00efh jarkoest\u00e6jjah Saemiedigkien s\u00e6jrosne<\/span>\n\n                          <\/a>\n                  <\/li>\n          <\/menu>\n  <\/section>\n<\/article>\n","protected":false},"excerpt":{"rendered":"","protected":false},"author":1,"featured_media":0,"parent":0,"menu_order":0,"comment_status":"closed","ping_status":"closed","template":"","meta":{"_acf_changed":false,"footnotes":""},"class_list":["post-1160","page","type-page","status-publish","hentry"],"acf":[],"_links":{"self":[{"href":"https:\/\/www.samiskhalsa.se\/sv-ss\/wp-json\/wp\/v2\/pages\/1160"}],"collection":[{"href":"https:\/\/www.samiskhalsa.se\/sv-ss\/wp-json\/wp\/v2\/pages"}],"about":[{"href":"https:\/\/www.samiskhalsa.se\/sv-ss\/wp-json\/wp\/v2\/types\/page"}],"author":[{"embeddable":true,"href":"https:\/\/www.samiskhalsa.se\/sv-ss\/wp-json\/wp\/v2\/users\/1"}],"replies":[{"embeddable":true,"href":"https:\/\/www.samiskhalsa.se\/sv-ss\/wp-json\/wp\/v2\/comments?post=1160"}],"version-history":[{"count":3,"href":"https:\/\/www.samiskhalsa.se\/sv-ss\/wp-json\/wp\/v2\/pages\/1160\/revisions"}],"predecessor-version":[{"id":1499,"href":"https:\/\/www.samiskhalsa.se\/sv-ss\/wp-json\/wp\/v2\/pages\/1160\/revisions\/1499"}],"wp:attachment":[{"href":"https:\/\/www.samiskhalsa.se\/sv-ss\/wp-json\/wp\/v2\/media?parent=1160"}],"curies":[{"name":"wp","href":"https:\/\/api.w.org\/{rel}","templated":true}]}}