{"id":1156,"date":"2022-06-03T10:56:20","date_gmt":"2022-06-03T09:56:20","guid":{"rendered":"https:\/\/www.samiskhalsa.se\/gaatan\/"},"modified":"2023-08-16T18:30:13","modified_gmt":"2023-08-16T17:30:13","slug":"gaatan","status":"publish","type":"page","link":"\/sv-ss\/","title":{"rendered":"G\u00e5atan"},"content":{"rendered":"<article\n  class=\"p-[8vw] md:py-[8vw] lg:px-[12vw] first-of-type:mt-[var(--navbar-height)] relative !p-0\"\n  aria-label=\"Buerie b\u00e5eteme Saemien healsoevearmadahkese!\"\n  id=\"hero\"\n  class=\"relative !p-0\"\n>\n  <div class=\"\n    md:flex grid grid-rows-[max-content_1fr] items-center justify-end\n    h-screen md:h-auto min-h-[calc(100vh-var(--navbar-height))] md:p-[6.66vw]\n  \">\n          <section class=\"h-full max-w-[700px] p-[8vw] bg-white md:rounded-lg md:p-16 md:text-center md:bg-white\/90\">\n        <h1 class=\"mb-3 text-lg md:text-2xl text-red md:mb-9\">\n          Buerie b\u00e5eteme Saemien healsoevearmadahkese!\n        <\/h1>\n        <p class=\"mb-6 text-sm md:text-base md:mb-9\">\n          Mijjieh saemiej reaktine barkebe guktie aktem buerie- j\u00efh seammalaakan healsoe- j\u00efh h\u00e5ksoem daej regijovnine; Regijovnine Dalarna, Regijovne J\u00efemhte Heajedaelie, Regijovne Norrbotten j\u00efh Regijovne V\u00e4sterbottenisnie \u00e5adtjodh.\n        <\/p>\n\n                  <a\n  class=\"inline-flex transition-opacity hover:opacity-70 gap-2 px-5 md:px-6 py-3 md:py-4 rounded-full items-center text-[15px] font-normal button text-black bg-transparent border border-gray-dark\"\n  target=\"_blank\"\n  class=\"text-black bg-transparent border border-gray-dark\" href=\"https:\/\/www.samiskhalsa.se\/om-oss\/\"\n>\n  <span class=\"\">\n    Lohkh vielie\n  <\/span>\n      <svg class=\"transition-[margin] ml-0 group-hover:ml-4\" xmlns=\"http:\/\/www.w3.org\/2000\/svg\" width=\"20\" height=\"20\" viewBox=\"0 0 20 20\" fill=\"currentColor\">\n  <path d=\"M11 3a1 1 0 100 2h2.586l-6.293 6.293a1 1 0 101.414 1.414L15 6.414V9a1 1 0 102 0V4a1 1 0 00-1-1h-5z\" \/>\n  <path d=\"M5 5a2 2 0 00-2 2v8a2 2 0 002 2h8a2 2 0 002-2v-3a1 1 0 10-2 0v3H5V7h3a1 1 0 000-2H5z\" \/>\n<\/svg>  <\/a>\n              <\/section>\n    \n          <img decoding=\"async\" container=\"h-full flex\"\n  src=\"https:\/\/www.samiskhalsa.se\/app\/uploads\/2022\/10\/1bb174029c34a2e7650f74066557e3fc.jpg\"\n  alt=\"\" title=\"\" loading=lazy class=\"absolute top-0 left-0 object-cover w-full h-full -z-10\"\n  \/>\n          <\/div>\n<\/article>\n<article\n  class=\"p-[8vw] md:py-[8vw] lg:px-[12vw] first-of-type:mt-[var(--navbar-height)] \"\n  aria-label=\"Mijjen deahpadimmieh\"\n  id=\"evenemang\"\n  \n>\n  <section class=\"max-w-4xl mx-auto mb-8 md:text-center\">\n        <h2 class=\"mb-3 text-lg md:mb-6 md:text-2xl text-red\">Mijjen deahpadimmieh<\/h2>\n    <p class=\"text-sm md:text-base\">Mijjieh kuvsjh, seminaarh j\u00efh konferansh dovne h\u00e5ksoebarkijidie j\u00efh saemide h\u00f6\u00f6ltebe. Daesnie maahtah lohkedh mijjen deahpadimmiej b\u00efjre maam daelie faalebe. Daesnie maahtah lohkedh dej deahpadimmiej b\u00efjre maam daelie faalebe. <\/p>\n  <\/section>\n  <section class=\"grid gap-8 md:grid-cols-2\" title=\"Senaste evenemang\">\n      <\/section>\n<\/article>\n<article\n  class=\"p-[8vw] md:py-[8vw] lg:px-[12vw] first-of-type:mt-[var(--navbar-height)] \n    grid items-center gap-[4vw]\n    md:grid-cols-[1.25fr_1fr] bg-gray-light\n\n  \"\n  aria-label=\"\"\n  id=\"text-&#038;-bild\"\n  class=\"grid items-center gap-[4vw]\n    md:grid-cols-[1.25fr_1fr] bg-gray-light\"\n>\n  <section class=\"order-last md:order-none\">\n    <h2 class=\"text-lg text-red md:text-xl lg:text-2xl mb-9\">\n      E-\u00f6\u00f6hpehtimmie healsoebarkijidie saemien kultuvremaahtosne\n    <\/h2>\n    <p class=\"text-sm md:text-base\">Guktie hijven h\u00e5ksoem vedtedh, dle maa joekoen vihkeles healsoebarkijh r\u00efektes kultuvremaahtoem utnieh. Dan gaavhtan mijjieh e-\u00f6\u00f6hpehtimmiem faalebe. D\u00efhte lea \u00e5esehts j\u00efh sjeahta gaajhkh healsoebarkijidie mah saemieh barkosne gaavnesjieh. \n\n<\/p>\n\n          <a\n  class=\"inline-flex transition-opacity hover:opacity-70 gap-2 px-5 md:px-6 py-3 md:py-4 rounded-full items-center text-[15px] font-normal button text-black bg-transparent border mt-9 border-gray-dark\"\n  target=\"_blank\"\n  class=\"text-black bg-transparent border mt-9 border-gray-dark\" href=\"https:\/\/reva.samarbeta.se\/\"\n>\n  <span class=\"\">\n    E-\u00f6\u00f6hpehtimmie.\n  <\/span>\n      <svg class=\"transition-[margin] ml-0 group-hover:ml-4\" xmlns=\"http:\/\/www.w3.org\/2000\/svg\" width=\"20\" height=\"20\" viewBox=\"0 0 20 20\" fill=\"currentColor\">\n  <path d=\"M11 3a1 1 0 100 2h2.586l-6.293 6.293a1 1 0 101.414 1.414L15 6.414V9a1 1 0 102 0V4a1 1 0 00-1-1h-5z\" \/>\n  <path d=\"M5 5a2 2 0 00-2 2v8a2 2 0 002 2h8a2 2 0 002-2v-3a1 1 0 10-2 0v3H5V7h3a1 1 0 000-2H5z\" \/>\n<\/svg>  <\/a>\n      <\/section>\n\n      <img decoding=\"async\" container=\"md:h-full\"\n  src=\"https:\/\/www.samiskhalsa.se\/app\/uploads\/2022\/10\/19d070feeb54734fa8c1c6d3130403d2.jpg\"\n  alt=\"\" title=\"\" loading=lazy class=\"object-cover w-full h-full rounded aspect-square md:aspect-auto\"\n  \/>\n<\/article>\n<article\n  class=\"p-[8vw] md:py-[8vw] lg:px-[12vw] first-of-type:mt-[var(--navbar-height)] \n    grid items-center gap-[4vw]\n    md:grid-cols-[1fr_1.25fr]\n\n  \"\n  aria-label=\"\"\n  id=\"text-&#038;-bild-2\"\n  class=\"grid items-center gap-[4vw]\n    md:grid-cols-[1fr_1.25fr]\"\n>\n  <section class=\"order-last\">\n    <h2 class=\"text-lg text-red md:text-xl lg:text-2xl mb-9\">\n      Saemien healsoebarkoe- seammalaakan healsoe \u2013 j\u00efh h\u00e5ksoe saemide 2020-2030\n    <\/h2>\n    <p class=\"text-sm md:text-base\">Gaajhkh regijovnh mah mijjine laavenjostoeh leah mijjen saemien healsoebarkoem d\u00e5hkasjehteme. Daan barkoen ulmie aktem healsoe- jah sk\u00efemtjeh\u00e5ksoem buektiehtidh mij lea kultuvrine sj\u00efehtesjadteme, mij lea buerie j\u00efh seammalaakan gaajhkide saemide Sveerjen raedtesne. Daate lea mijjen kaarhte b\u00e5etije jaepide.<\/p>\n\n          <a\n  class=\"inline-flex transition-opacity hover:opacity-70 gap-2 px-5 md:px-6 py-3 md:py-4 rounded-full items-center text-[15px] font-normal button text-black bg-transparent border mt-9 border-gray-dark\"\n  target=\"_blank\"\n  class=\"text-black bg-transparent border mt-9 border-gray-dark\" href=\"https:\/\/www.samiskhalsa.se\/app\/uploads\/2022\/06\/8796fc4660da6c91952a48d9fcdbd4ae.pdf\"\n>\n  <span class=\"\">\n    Lohkh vielie\n  <\/span>\n      <svg class=\"transition-[margin] ml-0 group-hover:ml-4\" xmlns=\"http:\/\/www.w3.org\/2000\/svg\" width=\"20\" height=\"20\" viewBox=\"0 0 20 20\" fill=\"currentColor\">\n  <path d=\"M11 3a1 1 0 100 2h2.586l-6.293 6.293a1 1 0 101.414 1.414L15 6.414V9a1 1 0 102 0V4a1 1 0 00-1-1h-5z\" \/>\n  <path d=\"M5 5a2 2 0 00-2 2v8a2 2 0 002 2h8a2 2 0 002-2v-3a1 1 0 10-2 0v3H5V7h3a1 1 0 000-2H5z\" \/>\n<\/svg>  <\/a>\n      <\/section>\n\n      <img decoding=\"async\" container=\"md:h-full\"\n  src=\"https:\/\/www.samiskhalsa.se\/app\/uploads\/2022\/10\/ff287c8a5b06615c56b230e87365219c.jpg\"\n  alt=\"\" title=\"\" loading=lazy class=\"object-cover w-full h-full rounded aspect-square md:aspect-auto\"\n  \/>\n<\/article>\n","protected":false},"excerpt":{"rendered":"","protected":false},"author":1,"featured_media":0,"parent":0,"menu_order":0,"comment_status":"closed","ping_status":"closed","template":"","meta":{"_acf_changed":false,"footnotes":""},"class_list":["post-1156","page","type-page","status-publish","hentry"],"acf":[],"_links":{"self":[{"href":"https:\/\/www.samiskhalsa.se\/sv-ss\/wp-json\/wp\/v2\/pages\/1156"}],"collection":[{"href":"https:\/\/www.samiskhalsa.se\/sv-ss\/wp-json\/wp\/v2\/pages"}],"about":[{"href":"https:\/\/www.samiskhalsa.se\/sv-ss\/wp-json\/wp\/v2\/types\/page"}],"author":[{"embeddable":true,"href":"https:\/\/www.samiskhalsa.se\/sv-ss\/wp-json\/wp\/v2\/users\/1"}],"replies":[{"embeddable":true,"href":"https:\/\/www.samiskhalsa.se\/sv-ss\/wp-json\/wp\/v2\/comments?post=1156"}],"version-history":[{"count":1,"href":"https:\/\/www.samiskhalsa.se\/sv-ss\/wp-json\/wp\/v2\/pages\/1156\/revisions"}],"predecessor-version":[{"id":1159,"href":"https:\/\/www.samiskhalsa.se\/sv-ss\/wp-json\/wp\/v2\/pages\/1156\/revisions\/1159"}],"wp:attachment":[{"href":"https:\/\/www.samiskhalsa.se\/sv-ss\/wp-json\/wp\/v2\/media?parent=1156"}],"curies":[{"name":"wp","href":"https:\/\/api.w.org\/{rel}","templated":true}]}}