{"id":956,"date":"2022-06-03T10:46:43","date_gmt":"2022-06-03T09:46:43","guid":{"rendered":"https:\/\/www.samiskhalsa.se\/min-birra\/"},"modified":"2023-02-08T11:42:36","modified_gmt":"2023-02-08T10:42:36","slug":"min-birra","status":"publish","type":"page","link":"\/sv-ns\/min-birra\/","title":{"rendered":"Min birra"},"content":{"rendered":"<article\n  class=\"p-[8vw] md:py-[8vw] lg:px-[12vw] first-of-type:mt-[var(--navbar-height)] !py-0 my-[4vw] first-of-type:!pt-[4vw]\"\n  aria-label=\"S\u00e1mi dearvva\u0161vuo\u0111afierpm\u00e1daga birra\"\n  id=\"toppsektion\"\n  class=\"!py-0 my-[4vw] first-of-type:!pt-[4vw]\"\n>\n  <section class=\"max-w-4xl mx-auto md:text-center\">\n          <p class=\"mb-3 text-sm md:mb-8 md:text-lg\">Min birra<\/p>\n    \n    <h1 class=\"mb-6 text-lg md:mb-8 md:text-2xl text-red\">S\u00e1mi dearvva\u0161vuo\u0111afierpm\u00e1daga birra<\/h1>\n    <p class=\"text-sm md:text-lg\">S\u00e1mi dearvva\u0161vuo\u0111afierpm\u00e1dat barg\u00e1 ovddidit buori dearvva\u0161vuo\u0111a ja ovttad\u00e1ss\u00e1sa\u0161 div\u0161\u0161u s\u00e1mi \u00e1lbmogii Ruo\u0167as.<\/p>\n  <\/section>\n\n      <figure class=\"mx-auto max-w-7xl\">\n      <img decoding=\"async\" controls=\"controls\"\n  src=\"https:\/\/www.samiskhalsa.se\/app\/uploads\/2022\/06\/08ce2f884c50bd1d626499016c86c482.jpg\"\n  alt=\"\" title=\"\" loading=lazy class=\"mt-[4vw] object-cover aspect-[12\/7]\"\n  \/>\n                  <figcaption class=\"mt-6 text-sm\">\n          \n        <\/figcaption>\n          <\/figure>\n<\/article>\n<article\n  class=\"p-[8vw] md:py-[8vw] lg:px-[12vw] first-of-type:mt-[var(--navbar-height)] !py-0 my-[4vw]\"\n  aria-label=\"Text\"\n  id=\"text\"\n  class=\"!py-0 my-[4vw]\"\n>\n  <section class=\"max-w-3xl mx-auto richtext\">\n    <p><span style=\"font-weight: 400;\">S\u00e1mi dearvva\u0161vuo\u0111afierpm\u00e1dat lea bargan 2017 r\u00e1jes ovddidit buori dearvva\u0161vuo\u0111a ja div\u0161\u0161u seamma eavttuin eami\u00e1lbmogii s\u00e1pmela\u010d\u010daide. Fierpm\u00e1dat f\u00e1tmmasta Norrbotten regiovnna, V\u00e4sterbottena regiovnna, J\u00e4mtl\u00e1ndda H\u00e4rjedalena regiovnna ja Dalarna regiovnna. Juohke regiovnnas lea s\u00e1mi dearvva\u0161vuo\u0111a leanakoordin\u00e1htor ja m\u00e1httofierpm\u00e1dat mas leat bargit geain lea s\u00e1mi giella- ja kulturgelbbola\u0161vuohta.<\/span><\/p>\n<p><span style=\"font-weight: 400;\">Mis lea maidd\u00e1i stivrenjoavku ja politihkala\u0161 refer\u00e1nsajoavku. Lassin regiovnnaide leat d\u00e1s f\u00e1rus S\u00e1mediggi, Ruo\u0167a s\u00e1miid riikasearvi, S\u00e1minuorra, Landsf\u00f6rbundet svenska samer, riikorganisa\u0161uvnnat Samerna ja Same \u00c4tnam.<\/span><\/p>\n<p><span style=\"font-weight: 400;\">Barggu vuo\u0111\u0111un lea <em>Strategi f\u00f6r samiska h\u00e4lsa &#8211; en h\u00e4lso- och sjukv\u00e5rd som bidrar till en god och j\u00e4mlik h\u00e4lsa f\u00f6r samer 2020-2030<\/em> &#8211; dokumeanta maid buot regiovnnat ovttasbarggus leat v\u00e1ld\u00e1n atnui. Strategiija \u010dilge movt regiovnnat galget ovd\u00e1nahttit giella- ja kulturheivehuvvon dearvva\u0161vuo\u0111a- ja buohccidiv\u0161\u0161u mii vuhtii v\u00e1ld\u00e1 kultuvrra, giela ja s\u00e1mi pasieantta eallineavttuid.<\/span><\/p>\n<p><span style=\"font-weight: 400;\">S\u00e1mi dearvva\u0161vuo\u0111afierpm\u00e1daga vuolggasadji lea vuoigatvuo\u0111aperspektiiva ja barg\u00e1 oa\u017e\u017eut regiovnnaid \u00e1immahu\u0161\u0161at s\u00e1pmela\u010d\u010daid vuoigatvuo\u0111aid eami\u00e1lbmogin.<\/span><\/p>\n<p>Mis leat vihtta oassemihtu:<\/p>\n<h2><span style=\"font-weight: 400;\">Oahpahit<\/span><\/h2>\n<p><span style=\"font-weight: 400;\">Mii loktet kulturgelbbola\u0161vuo\u0111a div\u0161\u0161us, lasihit m\u00e1htu eami\u00e1lbmotvuoigatvuo\u0111aid birra ja ovd\u00e1nahttit doarjaga kultursensitiiva dearvva\u0161vuo\u0111adeaivvademiide.<\/span><\/p>\n<h2><span style=\"font-weight: 400;\">Ovd\u00e1nahttit<\/span><\/h2>\n<p><span style=\"font-weight: 400;\">Mii doarjut regiovnnaid ovd\u00e1nahttimis buori ja lagas div\u0161\u0161u s\u00e1pmela\u010d\u010daide. Mii guorahallat ie\u0161gu\u0111etl\u00e1g\u00e1n \u010dovdosiid, ovdamearkka dihte digitaliserema ja strategala\u0161 gelbbola\u0161vuo\u0111av\u00e1r\u00e1iduhttima, \u00e1innas ovttasbarggus ie\u017e\u00e1iguin.<\/span><\/p>\n<h2><span style=\"font-weight: 400;\">\u010calmmustahttin<\/span><\/h2>\n<p>Mii bargat l\u00e1h\u010dit saji s\u00e1megillii ja s\u00e1mi kultuvrii dearvva\u0161vuo\u0111a- ja buohccidiv\u0161\u0161us.<\/p>\n<h2><span style=\"font-weight: 400;\">Lasihit m\u00e1htu<\/span><\/h2>\n<p><span style=\"font-weight: 400;\">Mii fuom\u00e1\u0161uhttit diehtor\u00e1iggiid ja ovttasbargat ovddidit ehtala\u0161 s\u00e1mi dearvva\u0161vuo\u0111adutkama.<\/span><\/p>\n<h2><span style=\"font-weight: 400;\">Duohtandahkat<\/span><\/h2>\n<p><span style=\"font-weight: 400;\">Mii bargat s\u00e1mi dearvva\u0161vuo\u0111a na\u0161uvnnala\u0161 m\u00e1httoguovdd\u00e1\u017ea \u00e1saheami ovddas.<\/span><\/p>\n<p>&nbsp;<\/p>\n<p><span style=\"font-weight: 400;\"> <\/span><\/p>\n\n  <\/section>\n<\/article>\n","protected":false},"excerpt":{"rendered":"","protected":false},"author":1,"featured_media":0,"parent":0,"menu_order":0,"comment_status":"closed","ping_status":"closed","template":"","meta":{"_acf_changed":false,"footnotes":""},"class_list":["post-956","page","type-page","status-publish","hentry"],"acf":[],"_links":{"self":[{"href":"https:\/\/www.samiskhalsa.se\/sv-ns\/wp-json\/wp\/v2\/pages\/956"}],"collection":[{"href":"https:\/\/www.samiskhalsa.se\/sv-ns\/wp-json\/wp\/v2\/pages"}],"about":[{"href":"https:\/\/www.samiskhalsa.se\/sv-ns\/wp-json\/wp\/v2\/types\/page"}],"author":[{"embeddable":true,"href":"https:\/\/www.samiskhalsa.se\/sv-ns\/wp-json\/wp\/v2\/users\/1"}],"replies":[{"embeddable":true,"href":"https:\/\/www.samiskhalsa.se\/sv-ns\/wp-json\/wp\/v2\/comments?post=956"}],"version-history":[{"count":3,"href":"https:\/\/www.samiskhalsa.se\/sv-ns\/wp-json\/wp\/v2\/pages\/956\/revisions"}],"predecessor-version":[{"id":959,"href":"https:\/\/www.samiskhalsa.se\/sv-ns\/wp-json\/wp\/v2\/pages\/956\/revisions\/959"}],"wp:attachment":[{"href":"https:\/\/www.samiskhalsa.se\/sv-ns\/wp-json\/wp\/v2\/media?parent=956"}],"curies":[{"name":"wp","href":"https:\/\/api.w.org\/{rel}","templated":true}]}}