{"id":950,"date":"2022-06-03T10:56:20","date_gmt":"2022-06-03T09:56:20","guid":{"rendered":"https:\/\/www.samiskhalsa.se\/ruoktot\/"},"modified":"2023-02-08T11:42:41","modified_gmt":"2023-02-08T10:42:41","slug":"ruoktot","status":"publish","type":"page","link":"\/sv-ns\/","title":{"rendered":"Ruoktot"},"content":{"rendered":"<article\n  class=\"p-[8vw] md:py-[8vw] lg:px-[12vw] first-of-type:mt-[var(--navbar-height)] relative !p-0\"\n  aria-label=\"Bures boahtin S\u00e1mi dearvva\u0161vuo\u0111afierpm\u00e1dahkii!\"\n  id=\"hero\"\n  class=\"relative !p-0\"\n>\n  <div class=\"\n    md:flex grid grid-rows-[max-content_1fr] items-center justify-end\n    h-screen md:h-auto min-h-[calc(100vh-var(--navbar-height))] md:p-[6.66vw]\n  \">\n          <section class=\"h-full max-w-[700px] p-[8vw] bg-white md:rounded-lg md:p-16 md:text-center md:bg-white\/90\">\n        <h1 class=\"mb-3 text-lg md:text-2xl text-red md:mb-9\">\n          Bures boahtin S\u00e1mi dearvva\u0161vuo\u0111afierpm\u00e1dahkii!\n        <\/h1>\n        <p class=\"mb-6 text-sm md:text-base md:mb-9\">\n          Mii bargat s\u00e1pmela\u010d\u010daid vuoigatvuo\u0111aid ovddas oa\u017e\u017eut buori ja ovttad\u00e1ss\u00e1sa\u0161 dearvva\u0161vuo\u0111a ja div\u0161\u0161u Dalarna regiovnnas, J\u00e4mtl\u00e1ndda H\u00e4rjedalene regiovnnas, Norrbottena regiovnnas ja V\u00e4sterbottena regiovnnas.\n        <\/p>\n\n                  <a\n  class=\"inline-flex transition-opacity hover:opacity-70 gap-2 px-5 md:px-6 py-3 md:py-4 rounded-full items-center text-[15px] font-normal button text-black bg-transparent border border-gray-dark\"\n  target=\"_blank\"\n  class=\"text-black bg-transparent border border-gray-dark\" href=\"https:\/\/www.samiskhalsa.se\/om-oss\/\"\n>\n  <span class=\"\">\n    Loga eanet\n  <\/span>\n      <svg class=\"transition-[margin] ml-0 group-hover:ml-4\" xmlns=\"http:\/\/www.w3.org\/2000\/svg\" width=\"20\" height=\"20\" viewBox=\"0 0 20 20\" fill=\"currentColor\">\n  <path d=\"M11 3a1 1 0 100 2h2.586l-6.293 6.293a1 1 0 101.414 1.414L15 6.414V9a1 1 0 102 0V4a1 1 0 00-1-1h-5z\" \/>\n  <path d=\"M5 5a2 2 0 00-2 2v8a2 2 0 002 2h8a2 2 0 002-2v-3a1 1 0 10-2 0v3H5V7h3a1 1 0 000-2H5z\" \/>\n<\/svg>  <\/a>\n              <\/section>\n    \n          <img decoding=\"async\" container=\"h-full flex\"\n  src=\"https:\/\/www.samiskhalsa.se\/app\/uploads\/2022\/10\/1bb174029c34a2e7650f74066557e3fc.jpg\"\n  alt=\"\" title=\"\" loading=lazy class=\"absolute top-0 left-0 object-cover w-full h-full -z-10\"\n  \/>\n          <\/div>\n<\/article>\n<article\n  class=\"p-[8vw] md:py-[8vw] lg:px-[12vw] first-of-type:mt-[var(--navbar-height)] \"\n  aria-label=\"Min l\u00e1gideamit\"\n  id=\"evenemang\"\n  \n>\n  <section class=\"max-w-4xl mx-auto mb-8 md:text-center\">\n        <h2 class=\"mb-3 text-lg md:mb-6 md:text-2xl text-red\">Min l\u00e1gideamit<\/h2>\n    <p class=\"text-sm md:text-base\">Mii l\u00e1gidit kurssaid, semin\u00e1raid ja konfer\u00e1nssaid sihke dearvva\u0161vuo\u0111abargiide ja s\u00e1mi almmola\u0161vuhtii. D\u00e1s s\u00e1ht\u00e1t lohkat daid l\u00e1gidemiid birra maid f\u00e1llat juste d\u00e1l. <\/p>\n  <\/section>\n  <section class=\"grid gap-8 md:grid-cols-2\" title=\"Senaste evenemang\">\n      <\/section>\n<\/article>\n<article\n  class=\"p-[8vw] md:py-[8vw] lg:px-[12vw] first-of-type:mt-[var(--navbar-height)] \n    grid items-center gap-[4vw]\n    md:grid-cols-[1.25fr_1fr] bg-gray-light\n\n  \"\n  aria-label=\"\"\n  id=\"text-&#038;-bild\"\n  class=\"grid items-center gap-[4vw]\n    md:grid-cols-[1.25fr_1fr] bg-gray-light\"\n>\n  <section class=\"order-last md:order-none\">\n    <h2 class=\"text-lg text-red md:text-xl lg:text-2xl mb-9\">\n      E-oahpahus s\u00e1mi kulturgelbbola\u0161vuo\u0111as dearvva\u0161vuo\u0111abargiide\n    <\/h2>\n    <p class=\"text-sm md:text-base\">Vai dearvva\u0161vuo\u0111adeaivvadeapmi galg\u00e1 buorre \u0161addat, de lea deh\u00e1la\u0161 ahte dearvva\u0161vuo\u0111abargiin lea \u00e1igeguovdilis kulurgelbbola\u0161vuohta. Leat \u00e1sahan e-oahpu mainna dustet d\u00e1n d\u00e1rbbu. Dat lea nuvtt\u00e1 ja soahp\u00e1 eatna\u0161iidda geat barggusteaset deaivvadit s\u00e1pmela\u010d\u010daiguin. \n\n<\/p>\n\n          <a\n  class=\"inline-flex transition-opacity hover:opacity-70 gap-2 px-5 md:px-6 py-3 md:py-4 rounded-full items-center text-[15px] font-normal button text-black bg-transparent border mt-9 border-gray-dark\"\n  target=\"_blank\"\n  class=\"text-black bg-transparent border mt-9 border-gray-dark\" href=\"https:\/\/reva.samarbeta.se\/\"\n>\n  <span class=\"\">\n    E-oahppu\n  <\/span>\n      <svg class=\"transition-[margin] ml-0 group-hover:ml-4\" xmlns=\"http:\/\/www.w3.org\/2000\/svg\" width=\"20\" height=\"20\" viewBox=\"0 0 20 20\" fill=\"currentColor\">\n  <path d=\"M11 3a1 1 0 100 2h2.586l-6.293 6.293a1 1 0 101.414 1.414L15 6.414V9a1 1 0 102 0V4a1 1 0 00-1-1h-5z\" \/>\n  <path d=\"M5 5a2 2 0 00-2 2v8a2 2 0 002 2h8a2 2 0 002-2v-3a1 1 0 10-2 0v3H5V7h3a1 1 0 000-2H5z\" \/>\n<\/svg>  <\/a>\n      <\/section>\n\n      <img decoding=\"async\" container=\"md:h-full\"\n  src=\"https:\/\/www.samiskhalsa.se\/app\/uploads\/2022\/10\/19d070feeb54734fa8c1c6d3130403d2.jpg\"\n  alt=\"\" title=\"\" loading=lazy class=\"object-cover w-full h-full rounded aspect-square md:aspect-auto\"\n  \/>\n<\/article>\n<article\n  class=\"p-[8vw] md:py-[8vw] lg:px-[12vw] first-of-type:mt-[var(--navbar-height)] \n    grid items-center gap-[4vw]\n    md:grid-cols-[1fr_1.25fr]\n\n  \"\n  aria-label=\"\"\n  id=\"text-&#038;-bild-2\"\n  class=\"grid items-center gap-[4vw]\n    md:grid-cols-[1fr_1.25fr]\"\n>\n  <section class=\"order-last\">\n    <h2 class=\"text-lg text-red md:text-xl lg:text-2xl mb-9\">\n      S\u00e1mi dearvva\u0161vuo\u0111a strategiija &#8211; dearvva\u0161vuo\u0111a- ja buohccidik\u0161u mii ovddida buori ja ovttad\u00e1ss\u00e1sa\u0161 dearvva\u0161vuo\u0111a s\u00e1pmela\u010d\u010daide 2020-2030\n    <\/h2>\n    <p class=\"text-sm md:text-base\">Visot regiovnnat min ovttasbarggus leat v\u00e1ld\u00e1n atnui min s\u00e1mi dearvva\u0161vuo\u0111a strategiija. Strategiijas lea ulbmil olahit kulturheivehuvvon dearvva\u0161vuo\u0111a- ja buohccidiv\u0161\u0161u mii \u00e1rjjala\u010d\u010dat ovddida buori dearvva\u0161vuo\u0111a ja div\u0161\u0161u seamma eavttuin s\u00e1mi \u00e1lbmogii Ruo\u0167as. D\u00e1 lea min k\u00e1rta boahtteva\u0161 jagiide.<\/p>\n\n          <a\n  class=\"inline-flex transition-opacity hover:opacity-70 gap-2 px-5 md:px-6 py-3 md:py-4 rounded-full items-center text-[15px] font-normal button text-black bg-transparent border mt-9 border-gray-dark\"\n  target=\"_blank\"\n  class=\"text-black bg-transparent border mt-9 border-gray-dark\" href=\"https:\/\/www.samiskhalsa.se\/app\/uploads\/2022\/06\/8796fc4660da6c91952a48d9fcdbd4ae.pdf\"\n>\n  <span class=\"\">\n    Loga eanet\n  <\/span>\n      <svg class=\"transition-[margin] ml-0 group-hover:ml-4\" xmlns=\"http:\/\/www.w3.org\/2000\/svg\" width=\"20\" height=\"20\" viewBox=\"0 0 20 20\" fill=\"currentColor\">\n  <path d=\"M11 3a1 1 0 100 2h2.586l-6.293 6.293a1 1 0 101.414 1.414L15 6.414V9a1 1 0 102 0V4a1 1 0 00-1-1h-5z\" \/>\n  <path d=\"M5 5a2 2 0 00-2 2v8a2 2 0 002 2h8a2 2 0 002-2v-3a1 1 0 10-2 0v3H5V7h3a1 1 0 000-2H5z\" \/>\n<\/svg>  <\/a>\n      <\/section>\n\n      <img decoding=\"async\" container=\"md:h-full\"\n  src=\"https:\/\/www.samiskhalsa.se\/app\/uploads\/2022\/10\/ff287c8a5b06615c56b230e87365219c.jpg\"\n  alt=\"\" title=\"\" loading=lazy class=\"object-cover w-full h-full rounded aspect-square md:aspect-auto\"\n  \/>\n<\/article>\n","protected":false},"excerpt":{"rendered":"","protected":false},"author":1,"featured_media":0,"parent":0,"menu_order":0,"comment_status":"closed","ping_status":"closed","template":"","meta":{"_acf_changed":false,"footnotes":""},"class_list":["post-950","page","type-page","status-publish","hentry"],"acf":[],"_links":{"self":[{"href":"https:\/\/www.samiskhalsa.se\/sv-ns\/wp-json\/wp\/v2\/pages\/950"}],"collection":[{"href":"https:\/\/www.samiskhalsa.se\/sv-ns\/wp-json\/wp\/v2\/pages"}],"about":[{"href":"https:\/\/www.samiskhalsa.se\/sv-ns\/wp-json\/wp\/v2\/types\/page"}],"author":[{"embeddable":true,"href":"https:\/\/www.samiskhalsa.se\/sv-ns\/wp-json\/wp\/v2\/users\/1"}],"replies":[{"embeddable":true,"href":"https:\/\/www.samiskhalsa.se\/sv-ns\/wp-json\/wp\/v2\/comments?post=950"}],"version-history":[{"count":3,"href":"https:\/\/www.samiskhalsa.se\/sv-ns\/wp-json\/wp\/v2\/pages\/950\/revisions"}],"predecessor-version":[{"id":953,"href":"https:\/\/www.samiskhalsa.se\/sv-ns\/wp-json\/wp\/v2\/pages\/950\/revisions\/953"}],"wp:attachment":[{"href":"https:\/\/www.samiskhalsa.se\/sv-ns\/wp-json\/wp\/v2\/media?parent=950"}],"curies":[{"name":"wp","href":"https:\/\/api.w.org\/{rel}","templated":true}]}}