{"id":1131,"date":"2022-06-03T10:40:55","date_gmt":"2022-06-03T09:40:55","guid":{"rendered":"https:\/\/www.samiskhalsa.se\/sujttobarggijda\/"},"modified":"2025-04-25T09:25:13","modified_gmt":"2025-04-25T08:25:13","slug":"sujttobarggijda","status":"publish","type":"page","link":"\/sv-ls\/sujttobarggijda\/","title":{"rendered":"Sujttobarggijda"},"content":{"rendered":"<article\n  class=\"p-[8vw] md:py-[8vw] lg:px-[12vw] first-of-type:mt-[var(--navbar-height)] !py-0 my-[4vw] first-of-type:!pt-[4vw]\"\n  aria-label=\"Dunji guhti s\u00e1me patientaj g\u00e1vnada.\"\n  id=\"toppsektion\"\n  class=\"!py-0 my-[4vw] first-of-type:!pt-[4vw]\"\n>\n  <section class=\"max-w-4xl mx-auto md:text-center\">\n          <p class=\"mb-3 text-sm md:mb-8 md:text-lg\">Sujttobarggijda<\/p>\n    \n    <h1 class=\"mb-6 text-lg md:mb-8 md:text-2xl text-red\">Dunji guhti s\u00e1me patientaj g\u00e1vnada.<\/h1>\n    <p class=\"text-sm md:text-lg\">D\u00e1nna lip diedojt tjoahkkim ma m\u00e1htti \u00e1vkken \u00e5rrot dunji guhti la sujttobargge ja s\u00e1me patientajt iejvvi.<\/p>\n  <\/section>\n\n      <figure class=\"mx-auto max-w-7xl\">\n      <img decoding=\"async\" controls=\"controls\"\n  src=\"https:\/\/www.samiskhalsa.se\/app\/uploads\/2022\/06\/5ad32a34cddf736ef5a189abaf69f5e5.jpg\"\n  alt=\"\" title=\"\" loading=lazy class=\"mt-[4vw] object-cover aspect-[12\/7]\"\n  \/>\n                  <figcaption class=\"mt-6 text-sm\">\n          Foto: Carl-Johan Utsi\n        <\/figcaption>\n          <\/figure>\n<\/article>\n\n\n<article\n  class=\"p-[8vw] md:py-[8vw] lg:px-[12vw] first-of-type:mt-[var(--navbar-height)] !py-0 my-[4vw]\"\n  aria-label=\"Text\"\n  id=\"text\"\n  class=\"!py-0 my-[4vw]\"\n>\n  <section class=\"max-w-3xl mx-auto richtext\">\n    <h2><span style=\"font-weight: 400;\">Sjiehtadallam S\u00e1nagijn<\/span><\/h2>\n<p><span style=\"font-weight: 400;\">Dajva Dalarnin, J\u00e4mtland H\u00e4rjedalenin, Norrbottenin ja V\u00e4sterbottenin la aktisasjsjiehtadallam S\u00e1me nasj\u00e5vn\u00e5lasj m\u00e1httudakdievnastus psyhkalasj varresvuodasuoddjim ja g\u00e1revs\u00e4lgga, S\u00e1nagijn, Vuonan. S\u00e1nag f\u00e1lli guoradallamijt ja sujtov m\u00e1n\u00e1jda, nuorajda ja \u00e5llessjattugijda psyhkalasj v\u00e1jvij jali b\u00e1ddnumg\u00e1ssjelisvuodaj. Duodden la S\u00e1nagijn sierra \u00e5vd\u00e5sv\u00e1sst\u00e1dus j\u00e4bdd\u00e1sasj sujtov f\u00e1llat s\u00e1me \u00e1lmmugij.<\/span><\/p>\n<p>Sjiehtadallam dajvaj ja S\u00e1naga gasskan merkaj vaj dajva m\u00e1htti remissav r\u00e1djat S\u00e1nagij patientajda gejn li d\u00e1rbo giella- ja kultuvrrahiebadum sujttuj. Duodden oadtju d\u00e5kt\u00e5vr\u00e5 vuodosujton ja psykiatridjan S\u00e1nagijn r\u00e1d\u00e1dallat jali \u00e1dnot bag\u00e1dimev masi pati\u00e4nntaj guossk\u00e1. Bag\u00e1dibme m\u00e1htt\u00e1 \u00e5lles barggog\u00e1ttsev g\u00e5bttj\u00e5t ja tjielggiduvvat degu guhkep s\u00e1gastallam terapidja birra juogu dal patienta birra jali patienta siegen. Sjiehtadallam g\u00e5bttj\u00e5 aj \u00e5hpadus\u00e1v, auskultasj\u00e5vn\u00e5v, oahppoguossev ja randningav.<\/p>\n<p>Sjiehtadallama li sierral\u00e1g\u00e1tja juohkka dajvan, viertti snivva g\u00e4httjat g\u00e5ktu li remissaj h\u00e1rr\u00e1j ietjat dajvan.<\/p>\n<p>V\u00e1lde aktijvuodav lenaaktijdiddjijn ietjat dajvan jus f\u00e5lld\u00e5rijt d\u00e1rbaha vuorddemladnjaj jali patientajda gudi li S\u00e1nagij vuolg\u00e1tjit. D\u00e1n biele l\u00e5hpan g\u00e1vna aj f\u00e5lld\u00e5rijt majt m\u00e1ht\u00e1 lieddit vuolus.<\/p>\n<p><iframe loading=\"lazy\" title=\"SANKS-avtalet 20220215\" width=\"500\" height=\"281\" src=\"https:\/\/www.youtube.com\/embed\/qxU1XYIcTlw?feature=oembed\" frameborder=\"0\" allow=\"accelerometer; autoplay; clipboard-write; encrypted-media; gyroscope; picture-in-picture; web-share\" referrerpolicy=\"strict-origin-when-cross-origin\" allowfullscreen><\/iframe><\/p>\n<h2><span style=\"font-weight: 400;\">Giellad\u00e5lkk\u00e5<\/span><\/h2>\n<p><span style=\"font-weight: 400;\">Jus siht\u00e1 d\u00e5lk\u00e5v de galgg\u00e1 vuostatjin tjuovvot ietjas organisasj\u00e5vn\u00e5 d\u00e5lkk\u00e5mvuogijt. \u00c1jnas la \u00e1rrat \u00e1nodit g\u00e5 d\u00e5lk\u00e5js li binn\u00e1. <\/span><span style=\"color: rgb(51 51 51\/var(--tw-text-opacity)); font-size: 1.125rem;\">Samedikke h\u00e4jmmabielen la lissta s\u00e1me d\u00e5lk\u00e5js ma g\u00e1vnnuji.<\/span><\/p>\n<p><span style=\"font-size: 1.125rem; color: rgb(51 51 51\/var(--tw-text-opacity));\">Mujte vaj g\u00e1vnnuji vihtta d\u00e5hkkidum giela Svierigin. Jus i diede makkir s\u00e1megielav pati\u00e4nnta s\u00e1gas &#8211; gatj\u00e1da!<\/span><\/p>\n<p><span style=\"font-weight: 400;\">Sierral\u00e1g\u00e1sj \u00e1jnas m\u00e1htt\u00e1 \u00e5rrot jus nuorap m\u00e1n\u00e1jt iejvvi. <\/span><\/p>\n<h2 style=\"--tw-translate-x: 0; --tw-translate-y: 0; --tw-rotate: 0; --tw-skew-x: 0; --tw-skew-y: 0; --tw-scale-x: 1; --tw-scale-y: 1; --tw-scroll-snap-strictness: proximity; --tw-ring-offset-width: 0px; --tw-ring-offset-color: #fff; --tw-ring-color: rgba(59,130,246,0.5); --tw-ring-offset-shadow: 0 0 #0000; --tw-ring-shadow: 0 0 #0000; --tw-shadow: 0 0 #0000; --tw-shadow-colored: 0 0 #0000;\"><span style=\"font-weight: 400;\">Care to translate<\/span><\/h2>\n<p><span style=\"font-weight: 400;\"><span style=\"color: rgb(51 51 51\/var(--tw-text-opacity));\">Care to translate la giellaahppa manna l ulmme giehpedit sujttog\u00e1vnadimijt. Hiehp\u00e1 goapp\u00e1tjag\u00e1 patientajda ja sujttobarggijda. M\u00e1httudakv\u00e4rmm\u00e1dahka s\u00e1me varresvuohtaj diehti g\u00e1vnnu ahppa nuortta- ja julevs\u00e1bm\u00e1j. Navku m\u00e1htt\u00e1 dav vuolus lieddit. <\/span><\/span><\/p>\n<p>&nbsp;<\/p>\n\n  <\/section>\n<\/article>\n\n\n<article\n  class=\"p-[8vw] md:py-[8vw] lg:px-[12vw] first-of-type:mt-[var(--navbar-height)] !py-0 my-[4vw]\"\n  aria-label=\"Text\"\n  id=\"text-2\"\n  class=\"!py-0 my-[4vw]\"\n>\n  <section class=\"max-w-3xl mx-auto richtext\">\n    \n  <\/section>\n<\/article>\n\n\n<article\n  class=\"p-[8vw] md:py-[8vw] lg:px-[12vw] first-of-type:mt-[var(--navbar-height)] \"\n  aria-label=\"Sv\u00e1lldasa\"\n  id=\"referenser\"\n  \n>\n  <section class=\"mx-auto max-w-7xl\">\n    <h2 class=\"text-lg md:text-xl text-red\">\n      Sv\u00e1lldasa\n    <\/h2>\n    <hr class=\"my-5\">\n    <menu>\n              <li class=\"flex items-center gap-3 mb-5 text-sm md:gap-5 md:text-base last:mb-0\">\n          <svg class=\"flex-none w-5 h-5\" xmlns=\"http:\/\/www.w3.org\/2000\/svg\" class=\"w-5 h-5\" viewBox=\"0 0 20 20\" fill=\"currentColor\">\n  <path fill-rule=\"evenodd\" d=\"M12.586 4.586a2 2 0 112.828 2.828l-3 3a2 2 0 01-2.828 0 1 1 0 00-1.414 1.414 4 4 0 005.656 0l3-3a4 4 0 00-5.656-5.656l-1.5 1.5a1 1 0 101.414 1.414l1.5-1.5zm-5 5a2 2 0 012.828 0 1 1 0 101.414-1.414 4 4 0 00-5.656 0l-3 3a4 4 0 105.656 5.656l1.5-1.5a1 1 0 10-1.414-1.414l-1.5 1.5a2 2 0 11-2.828-2.828l3-3z\" clip-rule=\"evenodd\" \/>\n<\/svg>\n\n                      <a href=\"http:\/\/www.1177.se\/sanks\">\n              <span>S\u00e1naga birra 1177 V\u00e5rdguidenin<\/span>\n\n                          <\/a>\n                  <\/li>\n              <li class=\"flex items-center gap-3 mb-5 text-sm md:gap-5 md:text-base last:mb-0\">\n          <svg class=\"flex-none w-5 h-5\" xmlns=\"http:\/\/www.w3.org\/2000\/svg\" class=\"w-5 h-5\" viewBox=\"0 0 20 20\" fill=\"currentColor\">\n  <path fill-rule=\"evenodd\" d=\"M12.586 4.586a2 2 0 112.828 2.828l-3 3a2 2 0 01-2.828 0 1 1 0 00-1.414 1.414 4 4 0 005.656 0l3-3a4 4 0 00-5.656-5.656l-1.5 1.5a1 1 0 101.414 1.414l1.5-1.5zm-5 5a2 2 0 012.828 0 1 1 0 101.414-1.414 4 4 0 00-5.656 0l-3 3a4 4 0 105.656 5.656l1.5-1.5a1 1 0 10-1.414-1.414l-1.5 1.5a2 2 0 11-2.828-2.828l3-3z\" clip-rule=\"evenodd\" \/>\n<\/svg>\n\n                      <a href=\"https:\/\/caretotranslate.com\/sv\/\">\n              <span>Care to translate<\/span>\n\n                          <\/a>\n                  <\/li>\n              <li class=\"flex items-center gap-3 mb-5 text-sm md:gap-5 md:text-base last:mb-0\">\n          <svg class=\"flex-none w-5 h-5\" xmlns=\"http:\/\/www.w3.org\/2000\/svg\" class=\"w-5 h-5\" viewBox=\"0 0 20 20\" fill=\"currentColor\">\n  <path fill-rule=\"evenodd\" d=\"M12.586 4.586a2 2 0 112.828 2.828l-3 3a2 2 0 01-2.828 0 1 1 0 00-1.414 1.414 4 4 0 005.656 0l3-3a4 4 0 00-5.656-5.656l-1.5 1.5a1 1 0 101.414 1.414l1.5-1.5zm-5 5a2 2 0 012.828 0 1 1 0 101.414-1.414 4 4 0 00-5.656 0l-3 3a4 4 0 105.656 5.656l1.5-1.5a1 1 0 10-1.414-1.414l-1.5 1.5a2 2 0 11-2.828-2.828l3-3z\" clip-rule=\"evenodd\" \/>\n<\/svg>\n\n                      <a href=\"https:\/\/www.sametinget.se\/oversattare\">\n              <span>S\u00e1medikke lissta d\u00e5lk\u00e5js ja j\u00e5rgg\u00e5liddjijs<\/span>\n\n                          <\/a>\n                  <\/li>\n          <\/menu>\n  <\/section>\n<\/article>\n","protected":false},"excerpt":{"rendered":"","protected":false},"author":1,"featured_media":0,"parent":0,"menu_order":0,"comment_status":"closed","ping_status":"closed","template":"","meta":{"_acf_changed":false,"footnotes":""},"class_list":["post-1131","page","type-page","status-publish","hentry"],"acf":[],"_links":{"self":[{"href":"https:\/\/www.samiskhalsa.se\/sv-ls\/wp-json\/wp\/v2\/pages\/1131"}],"collection":[{"href":"https:\/\/www.samiskhalsa.se\/sv-ls\/wp-json\/wp\/v2\/pages"}],"about":[{"href":"https:\/\/www.samiskhalsa.se\/sv-ls\/wp-json\/wp\/v2\/types\/page"}],"author":[{"embeddable":true,"href":"https:\/\/www.samiskhalsa.se\/sv-ls\/wp-json\/wp\/v2\/users\/1"}],"replies":[{"embeddable":true,"href":"https:\/\/www.samiskhalsa.se\/sv-ls\/wp-json\/wp\/v2\/comments?post=1131"}],"version-history":[{"count":6,"href":"https:\/\/www.samiskhalsa.se\/sv-ls\/wp-json\/wp\/v2\/pages\/1131\/revisions"}],"predecessor-version":[{"id":1498,"href":"https:\/\/www.samiskhalsa.se\/sv-ls\/wp-json\/wp\/v2\/pages\/1131\/revisions\/1498"}],"wp:attachment":[{"href":"https:\/\/www.samiskhalsa.se\/sv-ls\/wp-json\/wp\/v2\/media?parent=1131"}],"curies":[{"name":"wp","href":"https:\/\/api.w.org\/{rel}","templated":true}]}}