{"id":1117,"date":"2022-06-03T10:49:30","date_gmt":"2022-06-03T09:49:30","guid":{"rendered":"https:\/\/www.samiskhalsa.se\/atsa-gus-sujtov\/"},"modified":"2023-04-18T13:59:57","modified_gmt":"2023-04-18T12:59:57","slug":"atsa-gus-sujtov","status":"publish","type":"page","link":"\/sv-ls\/atsa-gus-sujtov\/","title":{"rendered":"\u00c5ts\u00e5 gus sujtov?"},"content":{"rendered":"<article\n  class=\"p-[8vw] md:py-[8vw] lg:px-[12vw] first-of-type:mt-[var(--navbar-height)] !py-0 my-[4vw] first-of-type:!pt-[4vw]\"\n  aria-label=\"Dunji guhti sujtov, d\u00e5rjav jali viehkev d\u00e1rbaha\"\n  id=\"toppsektion\"\n  class=\"!py-0 my-[4vw] first-of-type:!pt-[4vw]\"\n>\n  <section class=\"max-w-4xl mx-auto md:text-center\">\n          <p class=\"mb-3 text-sm md:mb-8 md:text-lg\">\u00c5ts\u00e5 gus sujtov?<\/p>\n    \n    <h1 class=\"mb-6 text-lg md:mb-8 md:text-2xl text-red\">Dunji guhti sujtov, d\u00e5rjav jali viehkev d\u00e1rbaha<\/h1>\n    <p class=\"text-sm md:text-lg\">M\u00e1httudakv\u00e4rmm\u00e1dahka s\u00e1me varresvuohtaj ij sujtov f\u00e1la, valla vuollelin li diedo ma m\u00e1htti viehkken dunji guhti sujtov, d\u00e5rjav jali viehkev \u00e5ts\u00e5.<\/p>\n  <\/section>\n\n      <figure class=\"mx-auto max-w-7xl\">\n      <img decoding=\"async\" controls=\"controls\"\n  src=\"https:\/\/www.samiskhalsa.se\/app\/uploads\/2022\/06\/5d662e703b55eb17573bb55ef43bb9a6.jpg\"\n  alt=\"\" title=\"\" loading=lazy class=\"mt-[4vw] object-cover aspect-[12\/7]\"\n  \/>\n                  <figcaption class=\"mt-6 text-sm\">\n          Foto: Ann-Kristin Solsten\n        <\/figcaption>\n          <\/figure>\n<\/article>\n<article\n  class=\"p-[8vw] md:py-[8vw] lg:px-[12vw] first-of-type:mt-[var(--navbar-height)] !py-0 my-[4vw]\"\n  aria-label=\"Text\"\n  id=\"text\"\n  class=\"!py-0 my-[4vw]\"\n>\n  <section class=\"max-w-3xl mx-auto richtext\">\n    <h2><span style=\"font-weight: 400;\">V\u00e1lde aktavuodav sujtujn.<\/span><\/h2>\n<p><span style=\"font-weight: 400;\">M\u00e1httudakv\u00e4rmm\u00e1dahka s\u00e1me varresvuohtaj ij sujtov f\u00e1la jalik patientajt duossto. V\u00e1lde aktavuodav ietjat varresvuodaguovd\u00e1tjijn r\u00e1vvitjit jali skuolka 1177 skihpasujttor\u00e1dijda. D\u00e1nna aj g\u00e1vna diedojt <\/span><span class=\"text-red\"><a href=\"http:\/\/www.1177.se\"><span style=\"font-weight: 400;\">www.1177.se<\/span><\/a><\/span><span style=\"font-weight: 400;\">. H\u00e4hkkaskihpudahka, skuolka 112.<\/span><\/p>\n<h2><span style=\"font-weight: 400;\">Lulu gus sihtat sujtov S\u00e1naga baktu? <\/span><\/h2>\n<p><span style=\"font-weight: 400;\">S\u00e1nag doarjj\u00e1 dajvajt psykriatrak sujtujn ulmutjijda gejn li s\u00e1me duog\u00e1sj. S\u00e1nag la s\u00e1me nasj\u00e5vn\u00e5lasj m\u00e1httudakguovd\u00e1sj psykalasj varresvuohtaj ja g\u00e1revs\u00e4lggaj Vuonan. <\/span><span style=\"font-weight: 400;\">Jus \u00e5ro dajvajn Dalarnin, J\u00e4mtland H\u00e4rjedalenin, Norrbottenin jali V\u00e4sterbottenin, de la dunji m\u00e1httelis S\u00e1naga baktu sujtov oadtjot. V\u00e1lde aktavuodav ietjat varresvuoda- jali sujtoguovd\u00e1tjijn de sij\u00e1s viehkev oattjo. <a href=\"https:\/\/www.1177.se\/sanks\">L\u00e5g\u00e5 ienebuv d\u00e1n bielen<span class=\"text-red\">1177.se<\/span><\/a>.<\/span><\/p>\n<h2><span style=\"font-weight: 400;\">Muod\u00e1stuv\u00e1 m\u00e1n\u00e1 birra? <\/span><\/h2>\n<p>Juohkka m\u00e1n\u00e1jn la riekt\u00e1 jasskavuodan badj\u00e1nit. Dan diehti la juohkka \u00e5llessjattugin \u00e5vd\u00e5sv\u00e1sst\u00e1dus duodaj v\u00e1lldet ja dahkat juojdd\u00e1 jus j\u00e1hkk\u00e1 m\u00e1nn\u00e1 ij buoragit vieso. Jus in\u00e1rmasst\u00e1\/g\u00e1ddalusj\u00e1 m\u00e1nn\u00e1 soamesl\u00e1hk\u00e1j b\u00e1ktjiduvv\u00e1 de bierri agev sosi\u00e1ladievnnuj diededit. Priv\u00e1htaulmutjin m\u00e1ht\u00e1 agev nam\u00e1dibmen bissot.<\/p>\n<p>Bielen <span class=\"text-red\"><a href=\"https:\/\/www.1177.se\/barn--gravid\/nar-familjelivet-ar-svart\/nar-barn-mar-daligt\/nar-barn-far-illa\/\">1177.se<\/a><\/span> m\u00e1ht\u00e1 l\u00e5hk\u00e5t ienebuv makkir l\u00e1hk\u00e1j m\u00e1n\u00e1 m\u00e1htti b\u00e1ktjiduvvat, g\u00e5ktu dav \u00e1jtts\u00e1, g\u00e5ktu sosi\u00e1ladievnov j\u00e5vs\u00e5 ja aj mij d\u00e1hp\u00e1duvv\u00e1 g\u00e5 dav dag\u00e1. <span class=\"text-red\"><a href=\"https:\/\/www.raddabarnen.se\/rad-och-kunskap\/foralder\/om-ett-barn-far-illa\/\">R\u00e4dda barnen<\/a><\/span> h\u00e4jmmabielen li aj buorre diedo dunji gut in\u00e1rmasst\u00e1\/g\u00e1ddalusj\u00e1. Bielen <span class=\"text-red\"><a href=\"https:\/\/dagsattprataom.se\/\">dagsattprataom.se<\/a><\/span> g\u00e1vnnuji diedo ja r\u00e1de m\u00e1n\u00e1jda ja \u00e5llessjattugijda vah\u00e1guvvama ja sesksu\u00e1lalasj illastime birra m\u00e1n\u00e1 vuosstij. Biele duogen la Stiftelsen Allm\u00e4nna barnhuset.<\/p>\n<h2><span style=\"font-weight: 400;\">Nam\u00e1dis doarjjatj\u00e1htta s\u00e1me b\u00e1htjajda<\/span><\/h2>\n<p>Juohkka nuppe dijstag\u00e1 (bielisj vahkojt) kloahkka 19-21 m\u00e1ht\u00e1 d\u00e5n gut la s\u00e1me b\u00e1httja tj\u00e1httit d\u00e1n bielen <span style=\"color: #ff0000;\"><a style=\"color: #ff0000;\" href=\"https:\/\/chatt.killar.se\/\"><span style=\"color: #800000;\"><span style=\"color: #000000;\"><span class=\"text-red\">killar.se<\/span><\/span><\/span><\/a><\/span>. Dat la doarjjatj\u00e1htta g\u00e5nn\u00e5 s\u00e1me iesjmiellusattja v\u00e1sstedi ja danna m\u00e1ht\u00e1 nam\u00e1dibmen tj\u00e1llet. Akta man birra m\u00e1ht\u00e1 tj\u00e1httit. Doarjjatj\u00e1htta l organisasj\u00e5vn\u00e5 M\u00c4N:a duogen aktisattjat M\u00e1httudakv\u00e4rmmadadg\u00e1jn s\u00e1me varresvuohtaj ja S\u00e1minuorrajn.<\/p>\n<h2><span style=\"font-weight: 400;\">Organisasj\u00e5vn\u00e5 ja joura ma m\u00e1htti viehkedit<\/span><\/h2>\n<p><span class=\"text-red\"><a href=\"https:\/\/www.jourhavande-medmanniska.se\/\">Jourhavande medm\u00e4nniska<\/a><\/span><br \/>\nJourhavande medm\u00e4nniska la dunji gudi d\u00e1rbaha s\u00e1gastit n\u00e1ginijn daj muttoj g\u00e5 iehtj\u00e1da \u00e4lla g\u00e5htsemin. M\u00e1ht\u00e1 tj\u00e1httit jali skuolkkat 08-702 16 80.<\/p>\n<p><span class=\"text-red\"><a href=\"https:\/\/www.svenskakyrkan.se\/jourhavandeprast\">Jourhavande pr\u00e4st<\/a><\/span><br \/>\nBiejvevirg\u00e1lasj h\u00e4rr\u00e1 la rahppot g\u00e1jkajda gudi d\u00e1rbahi ulmusjgasskasasj d\u00e5rjav ij\u00e1n. Gut v\u00e1sstet adn\u00e1 sj\u00e1vov\u00e4lgov ja d\u00e5n iesj la nam\u00e1dibme. Skuolka 112 ja \u00e1noda biejvevirg\u00e1lasj h\u00e4rr\u00e1jn s\u00e1gastit M\u00e1ht\u00e1 aj tj\u00e1httit jali brevav tj\u00e1llet.<\/p>\n<p><a href=\"https:\/\/mind.se\/hitta-hjalp\/sjalvmordslinjen\/\"><span class=\"text-red\">Sj\u00e4lvmordslinjen<\/span><\/a><br \/>\nIesjs\u00e5rmmimlinnja l dunji gejn li \u00e1j\u00e1dus\u00e1 ietjat s\u00e5rmmit jali dunji g\u00e4nna l lag\u00e1mus daj l\u00e1g\u00e1sj \u00e1j\u00e1dus\u00e1j. Iesjs\u00e5rmmimlinjav j\u00e5vs\u00e5 tj\u00e1hta jali telef\u00e5vn\u00e5 baktu numarijn 90101. J\u00e1nndurav birra l rahppot. Skuolka 112 jus la h\u00e4hkka iesjs\u00e5rmmimv\u00e1d\u00e1.<\/p>\n<p><span class=\"text-red\"><a href=\"https:\/\/spes.se\/stodlinjer\/\">Spes<\/a><\/span><br \/>\nDoarjjalinnja dunji guhti l soabm\u00e1sav iesjs\u00e5rmmimij b\u00e4sst\u00e1m. Skuolka 020-18 18 00.<\/p>\n<p><span class=\"text-red\"><a href=\"https:\/\/kvinnofridslinjen.se\/sv\/\">Kvinnofridjslinjen<\/a><br \/>\n<span class=\"text-black\">Kvinnofridslinjen la nasj\u00e5vn\u00e5lasj doarjjatelef\u00e5vnn\u00e5 dunji guhti l fysalasj, psykalasj jali seksu\u00e1lalasj vah\u00e1guvvamijda illastuvvam. Lag\u00e1mus ulmutja ja famillja m\u00e1htti aj skuolkkat. Danna skihppijsujtt\u00e1ra ja sosion\u00e5vm\u00e5 duosstu j\u00e1nndurav birra. Skuolka 020-50 50 50.<\/span><\/span><\/p>\n<p><span class=\"text-red\"><a href=\"https:\/\/www.bris.se\/\">BRIS<\/a><\/span><br \/>\nBRIS la rahppot j\u00e1nndurav birra dunji M\u00e1ht\u00e1 tj\u00e1httit jali skuolkkat 116 111. BRIS:an la aj telef\u00e5vnn\u00e5 \u00e5llessjattugijda mij la doarjjan ja r\u00e1devadden gatj\u00e1lvis\u00e1j m\u00e1n\u00e1jvidjurij birra. Brisa \u00e5llessjattuktelef\u00e5vn\u00e5v j\u00e5vs\u00e5 d\u00e1n nummarin 077-150 50 50.<\/p>\n<p><span class=\"text-red\"><a href=\"https:\/\/mind.se\/hitta-hjalp\/livslinjen\/\">Livslinjen<\/a><br \/>\n<span class=\"text-black\">Viessomlinnja l dunji gudi la 16-25 jage gasskan ja sid\u00e1 tj\u00e1httit \u00e5llessjattugijn. Tj\u00e1htta l rahppot iehkedis duorastag\u00e1s gitta \u00e1jllegij.<\/span><\/span><\/p>\n<p><span class=\"text-red\"><a href=\"https:\/\/www.umo.se\/\">Umo<\/a><\/span><br \/>\nUmo la webbabielle dunji 13-25 jage gasskan. Danna oattjo diedojt rubmaha, sexa, gasskavuodaj, psykalasj varresvuodaj, alkoh\u00e5vl\u00e5j ja g\u00e1revselgaj birra ja galle ietj\u00e1 diedojs.<\/p>\n<p><span class=\"text-red\"><a href=\"https:\/\/killar.se\/\">Killar.se<\/a><br \/>\n<span class=\"text-black\">Killar.se la doarjjabielle g\u00e1jkka b\u00e1htjajda gasskan 10-25 jage Sij\u00e1n la nam\u00e1dis doarjjatj\u00e1htta mij la rahppot s\u00e5dn\u00e5biejves duorast\u00e1hkaj kl. 19-21. Juohkka nuppe dijstag\u00e1 (Bielisj vahkojt) m\u00e1ht\u00e1 v\u00e1lljit s\u00e1me iesjmiellusattjaj tj\u00e1httit.<\/span><\/span><\/p>\n<p><span class=\"text-red\"><a href=\"https:\/\/tjejzonen.se\/\">Tjejzonen<\/a><\/span><br \/>\nTjejzonen la Svieriga stuor\u00e1mus doarjjaorganisasj\u00e5vnn\u00e5 n\u00e4jtsojda. Sij tjalmostahtti n\u00e4jtsojt gassko 10-25 jage. Sij\u00e1n la doarjjatj\u00e1htta mij la rahppot juohkka biejve kl. 20-22. Danna l tjabu sierra b\u00e5rr\u00e5mm\u00e1jnnetj\u00e1htta.<\/p>\n<p><a href=\"https:\/\/maskrosbarn.org\/activities\/chatt\/\"><span class=\"text-red\">Maskrosbarn<\/span><\/a><br \/>\nMaskrosbarn f\u00e1lli doarjov tj\u00e1htta baktu dunji g\u00e4nna l \u00e4jg\u00e1t manna l b\u00e1ddnumg\u00e1ssjelisvuoda, psykalasj v\u00e1jve jali gut duv vah\u00e1gahtt\u00e1. Tj\u00e1htan v\u00e1sstedi \u00e5llessjattuga gejn li ietjasa v\u00e1s\u00e1dus\u00e1 badj\u00e1nit \u00e4jg\u00e1dijn g\u00e1ssjelisvuodaj. Tj\u00e1htta l rahppot duorastag\u00e1s \u00e1jllegij iehkedis.<\/p>\n<p><span class=\"text-red\"><a href=\"https:\/\/mind.se\/hitta-hjalp\/aldrelinjen\/\">\u00c4ldrelinjen<\/a><br \/>\n<span class=\"text-black\">Vuorrasijlinnja l dunji gut la vuorrasap japsykalattjat nievret v\u00e4j\u00e1 jali jus guhkaha soabm\u00e1sijn s\u00e1gastit. Linjan barggi iesjmiellusattja gejt j\u00e5vs\u00e5 g\u00e5 skuolka 020-22 22 33.<\/span><br \/>\n<\/span><\/p>\n<p><span class=\"text-red\"><a href=\"https:\/\/anhorigasriksforbund.se\/anhoriglinjen\/\">Anh\u00f6riglinjen<\/a><br \/>\n<\/span><span style=\"color: rgb(51 51 51\/var(--tw-text-opacity)); font-size: 1.125rem;\">Lag\u00e1musberrahijlinnjan duosstu ulmutja edna m\u00e1htalgisvuodajn. Skuolka 0200-239 500.<\/span><\/p>\n<p><span class=\"text-red\"><a href=\"https:\/\/www.alkohollinjen.se\/\">Alkohollinjen<\/a><\/span><br \/>\nAlkohollinnja l dunji gut sid\u00e1 d\u00e5rjav ietj\u00e1jduvvat ietjat alkohold\u00e1bijt. Sij\u00e1n la rahppot juohkka \u00e1rggabiejve. Skuolka 020-84 44 48.<\/p>\n<p><a href=\"https:\/\/kyrkanssos.se\/hitta-hjalp\/regnbagslinjen\/\"><span class=\"text-red\">Regnb\u00e5gslinjen<\/span><\/a><br \/>\n\u00c1tj\u00e1juoksalinnja l dunji gudi d\u00e5bd\u00e5 gullu HBTQI-spektrumij, lag\u00e1mus berrahijda, lag\u00e1mus r\u00e1dna ja venaga HBTQI-ulmutjijda. Linnja l rahppot juohkka duorastag\u00e1 kl.16-21. Skuolka 0770-55 00 10.<\/p>\n<p><a href=\"https:\/\/transammans.se\/\"><span class=\"text-red\">Transammans<\/span><\/a><br \/>\nTransammans la nasj\u00e5vn\u00e5lasj aktidus transulmutjijda ja sij\u00e1 lag\u00e1mus\u00e1jda.<\/p>\n<p>&nbsp;<\/p>\n<p>&nbsp;<\/p>\n<p>&nbsp;<\/p>\n<p>&nbsp;<\/p>\n<p>&nbsp;<\/p>\n<p>&nbsp;<\/p>\n\n  <\/section>\n<\/article>\n","protected":false},"excerpt":{"rendered":"","protected":false},"author":1,"featured_media":0,"parent":0,"menu_order":0,"comment_status":"closed","ping_status":"closed","template":"","meta":{"_acf_changed":false,"footnotes":""},"class_list":["post-1117","page","type-page","status-publish","hentry"],"acf":[],"_links":{"self":[{"href":"https:\/\/www.samiskhalsa.se\/sv-ls\/wp-json\/wp\/v2\/pages\/1117"}],"collection":[{"href":"https:\/\/www.samiskhalsa.se\/sv-ls\/wp-json\/wp\/v2\/pages"}],"about":[{"href":"https:\/\/www.samiskhalsa.se\/sv-ls\/wp-json\/wp\/v2\/types\/page"}],"author":[{"embeddable":true,"href":"https:\/\/www.samiskhalsa.se\/sv-ls\/wp-json\/wp\/v2\/users\/1"}],"replies":[{"embeddable":true,"href":"https:\/\/www.samiskhalsa.se\/sv-ls\/wp-json\/wp\/v2\/comments?post=1117"}],"version-history":[{"count":5,"href":"https:\/\/www.samiskhalsa.se\/sv-ls\/wp-json\/wp\/v2\/pages\/1117\/revisions"}],"predecessor-version":[{"id":1127,"href":"https:\/\/www.samiskhalsa.se\/sv-ls\/wp-json\/wp\/v2\/pages\/1117\/revisions\/1127"}],"wp:attachment":[{"href":"https:\/\/www.samiskhalsa.se\/sv-ls\/wp-json\/wp\/v2\/media?parent=1117"}],"curies":[{"name":"wp","href":"https:\/\/api.w.org\/{rel}","templated":true}]}}