{"id":1106,"date":"2022-06-03T10:56:20","date_gmt":"2022-06-03T09:56:20","guid":{"rendered":"https:\/\/www.samiskhalsa.se\/hajmmaj\/"},"modified":"2023-11-06T13:31:39","modified_gmt":"2023-11-06T12:31:39","slug":"hajmmaj","status":"publish","type":"page","link":"\/sv-ls\/","title":{"rendered":"H\u00e4jmmaj"},"content":{"rendered":"<article\n  class=\"p-[8vw] md:py-[8vw] lg:px-[12vw] first-of-type:mt-[var(--navbar-height)] relative !p-0\"\n  aria-label=\"Buorisboahtem M\u00e1httudakv\u00e4rmm\u00e1dahka s\u00e1me varresvuohtaj!\"\n  id=\"hero\"\n  class=\"relative !p-0\"\n>\n  <div class=\"\n    md:flex grid grid-rows-[max-content_1fr] items-center justify-end\n    h-screen md:h-auto min-h-[calc(100vh-var(--navbar-height))] md:p-[6.66vw]\n  \">\n          <section class=\"h-full max-w-[700px] p-[8vw] bg-white md:rounded-lg md:p-16 md:text-center md:bg-white\/90\">\n        <h1 class=\"mb-3 text-lg md:text-2xl text-red md:mb-9\">\n          Buorisboahtem M\u00e1httudakv\u00e4rmm\u00e1dahka s\u00e1me varresvuohtaj!\n        <\/h1>\n        <p class=\"mb-6 text-sm md:text-base md:mb-9\">\n          Mij barggap s\u00e1mij riekt\u00e1jn buorre varresvuohtaj ja sujttuj j\u00e4bdd\u00e1sasj \u00e4vtoj h\u00e1rr\u00e1j dajvajn Dalarna, J\u00e4mtland H\u00e4rjedalen, Norrbotten ja V\u00e4sterbotten.\n        <\/p>\n\n                  <a\n  class=\"inline-flex transition-opacity hover:opacity-70 gap-2 px-5 md:px-6 py-3 md:py-4 rounded-full items-center text-[15px] font-normal button text-black bg-transparent border border-gray-dark\"\n  target=\"_blank\"\n  class=\"text-black bg-transparent border border-gray-dark\" href=\"https:\/\/www.samiskhalsa.se\/om-oss\/\"\n>\n  <span class=\"\">\n    L\u00e5g\u00e5 ienebuv\n  <\/span>\n      <svg class=\"transition-[margin] ml-0 group-hover:ml-4\" xmlns=\"http:\/\/www.w3.org\/2000\/svg\" width=\"20\" height=\"20\" viewBox=\"0 0 20 20\" fill=\"currentColor\">\n  <path d=\"M11 3a1 1 0 100 2h2.586l-6.293 6.293a1 1 0 101.414 1.414L15 6.414V9a1 1 0 102 0V4a1 1 0 00-1-1h-5z\" \/>\n  <path d=\"M5 5a2 2 0 00-2 2v8a2 2 0 002 2h8a2 2 0 002-2v-3a1 1 0 10-2 0v3H5V7h3a1 1 0 000-2H5z\" \/>\n<\/svg>  <\/a>\n              <\/section>\n    \n          <img decoding=\"async\" container=\"h-full flex\"\n  src=\"https:\/\/www.samiskhalsa.se\/app\/uploads\/2022\/10\/1bb174029c34a2e7650f74066557e3fc.jpg\"\n  alt=\"\" title=\"\" loading=lazy class=\"absolute top-0 left-0 object-cover w-full h-full -z-10\"\n  \/>\n          <\/div>\n<\/article>\n<article\n  class=\"p-[8vw] md:py-[8vw] lg:px-[12vw] first-of-type:mt-[var(--navbar-height)] \"\n  aria-label=\"Mij\u00e1 d\u00e1hp\u00e1dus\u00e1\"\n  id=\"evenemang\"\n  \n>\n  <section class=\"max-w-4xl mx-auto mb-8 md:text-center\">\n        <h2 class=\"mb-3 text-lg md:mb-6 md:text-2xl text-red\">Mij\u00e1 d\u00e1hp\u00e1dus\u00e1<\/h2>\n    <p class=\"text-sm md:text-base\">Mij \u00e1ssap kursajt, semin\u00e1rajt ja konfer\u00e1nsajt goapp\u00e1tjag\u00e1 sujttobarggijda ja s\u00e1me sebrudahkaj. D\u00e1nna g\u00e1vna majt jur d\u00e1lla f\u00e1llap. <\/p>\n  <\/section>\n  <section class=\"grid gap-8 md:grid-cols-2\" title=\"Senaste evenemang\">\n      <\/section>\n<\/article>\n<article\n  class=\"p-[8vw] md:py-[8vw] lg:px-[12vw] first-of-type:mt-[var(--navbar-height)] \n    grid items-center gap-[4vw]\n    md:grid-cols-[1.25fr_1fr] bg-gray-light\n\n  \"\n  aria-label=\"\"\n  id=\"text-&#038;-bild\"\n  class=\"grid items-center gap-[4vw]\n    md:grid-cols-[1.25fr_1fr] bg-gray-light\"\n>\n  <section class=\"order-last md:order-none\">\n    <h2 class=\"text-lg text-red md:text-xl lg:text-2xl mb-9\">\n      E-\u00e5hpadus s\u00e1me kultuvrram\u00e1hto birra sujttobarggijda\n    <\/h2>\n    <p class=\"text-sm md:text-base\">Vaj sujttog\u00e1vnadime galggi buorren, le \u00e1jnas vaj sujttobarggijn la hiebalgis kultuvrram\u00e1htto. D\u00e1v d\u00e1rbov duostutjit lip e-\u00e5hpadus\u00e1v \u00e1ssam. Navku l ja hiehp\u00e1 ienemus\u00e1jda gudi bargon s\u00e1mijt iejvvi. \n\n<\/p>\n\n          <a\n  class=\"inline-flex transition-opacity hover:opacity-70 gap-2 px-5 md:px-6 py-3 md:py-4 rounded-full items-center text-[15px] font-normal button text-black bg-transparent border mt-9 border-gray-dark\"\n  target=\"_blank\"\n  class=\"text-black bg-transparent border mt-9 border-gray-dark\" href=\"https:\/\/reva.samarbeta.se\/\"\n>\n  <span class=\"\">\n    E-\u00e5hpadus\n  <\/span>\n      <svg class=\"transition-[margin] ml-0 group-hover:ml-4\" xmlns=\"http:\/\/www.w3.org\/2000\/svg\" width=\"20\" height=\"20\" viewBox=\"0 0 20 20\" fill=\"currentColor\">\n  <path d=\"M11 3a1 1 0 100 2h2.586l-6.293 6.293a1 1 0 101.414 1.414L15 6.414V9a1 1 0 102 0V4a1 1 0 00-1-1h-5z\" \/>\n  <path d=\"M5 5a2 2 0 00-2 2v8a2 2 0 002 2h8a2 2 0 002-2v-3a1 1 0 10-2 0v3H5V7h3a1 1 0 000-2H5z\" \/>\n<\/svg>  <\/a>\n      <\/section>\n\n      <img decoding=\"async\" container=\"md:h-full\"\n  src=\"https:\/\/www.samiskhalsa.se\/app\/uploads\/2022\/10\/19d070feeb54734fa8c1c6d3130403d2.jpg\"\n  alt=\"\" title=\"\" loading=lazy class=\"object-cover w-full h-full rounded aspect-square md:aspect-auto\"\n  \/>\n<\/article>\n<article\n  class=\"p-[8vw] md:py-[8vw] lg:px-[12vw] first-of-type:mt-[var(--navbar-height)] \n    grid items-center gap-[4vw]\n    md:grid-cols-[1fr_1.25fr]\n\n  \"\n  aria-label=\"\"\n  id=\"text-&#038;-bild-2\"\n  class=\"grid items-center gap-[4vw]\n    md:grid-cols-[1fr_1.25fr]\"\n>\n  <section class=\"order-last\">\n    <h2 class=\"text-lg text-red md:text-xl lg:text-2xl mb-9\">\n      Strategiddja s\u00e1mij varresvuohtaj &#8211; varresvuoda- ja skihpasujtto mij vadd\u00e1 buorre ja j\u00e4bdd\u00e1sasj varresvuodav s\u00e1mijda 2020-2030\n    <\/h2>\n    <p class=\"text-sm md:text-base\">G\u00e1jkka dajva d\u00e1n aktisasjbargon li \u00e5mastam strategiddja s\u00e1mij varresvuohtaj. Strategidja ulmme l f\u00e1llat kultuvrrahiebadum varresvuoda- ja skihpasujtov mij d\u00e5jmalattjat doarjju buorre varresvuodav ja sujtov j\u00e4bdd\u00e1sasj \u00e4vtoj h\u00e1rr\u00e1j s\u00e1mijda Svierigin. D\u00e1t la mij\u00e1 k\u00e1rtta tjuovvo jagijt.<\/p>\n\n          <a\n  class=\"inline-flex transition-opacity hover:opacity-70 gap-2 px-5 md:px-6 py-3 md:py-4 rounded-full items-center text-[15px] font-normal button text-black bg-transparent border mt-9 border-gray-dark\"\n  target=\"_blank\"\n  class=\"text-black bg-transparent border mt-9 border-gray-dark\" href=\"https:\/\/www.samiskhalsa.se\/app\/uploads\/2022\/06\/8796fc4660da6c91952a48d9fcdbd4ae.pdf\"\n>\n  <span class=\"\">\n    L\u00e5g\u00e5 ienebuv\n  <\/span>\n      <svg class=\"transition-[margin] ml-0 group-hover:ml-4\" xmlns=\"http:\/\/www.w3.org\/2000\/svg\" width=\"20\" height=\"20\" viewBox=\"0 0 20 20\" fill=\"currentColor\">\n  <path d=\"M11 3a1 1 0 100 2h2.586l-6.293 6.293a1 1 0 101.414 1.414L15 6.414V9a1 1 0 102 0V4a1 1 0 00-1-1h-5z\" \/>\n  <path d=\"M5 5a2 2 0 00-2 2v8a2 2 0 002 2h8a2 2 0 002-2v-3a1 1 0 10-2 0v3H5V7h3a1 1 0 000-2H5z\" \/>\n<\/svg>  <\/a>\n      <\/section>\n\n      <img decoding=\"async\" container=\"md:h-full\"\n  src=\"https:\/\/www.samiskhalsa.se\/app\/uploads\/2022\/10\/ff287c8a5b06615c56b230e87365219c.jpg\"\n  alt=\"\" title=\"\" loading=lazy class=\"object-cover w-full h-full rounded aspect-square md:aspect-auto\"\n  \/>\n<\/article>\n","protected":false},"excerpt":{"rendered":"","protected":false},"author":1,"featured_media":0,"parent":0,"menu_order":0,"comment_status":"closed","ping_status":"closed","template":"","meta":{"_acf_changed":false,"footnotes":""},"class_list":["post-1106","page","type-page","status-publish","hentry"],"acf":[],"_links":{"self":[{"href":"https:\/\/www.samiskhalsa.se\/sv-ls\/wp-json\/wp\/v2\/pages\/1106"}],"collection":[{"href":"https:\/\/www.samiskhalsa.se\/sv-ls\/wp-json\/wp\/v2\/pages"}],"about":[{"href":"https:\/\/www.samiskhalsa.se\/sv-ls\/wp-json\/wp\/v2\/types\/page"}],"author":[{"embeddable":true,"href":"https:\/\/www.samiskhalsa.se\/sv-ls\/wp-json\/wp\/v2\/users\/1"}],"replies":[{"embeddable":true,"href":"https:\/\/www.samiskhalsa.se\/sv-ls\/wp-json\/wp\/v2\/comments?post=1106"}],"version-history":[{"count":6,"href":"https:\/\/www.samiskhalsa.se\/sv-ls\/wp-json\/wp\/v2\/pages\/1106\/revisions"}],"predecessor-version":[{"id":1249,"href":"https:\/\/www.samiskhalsa.se\/sv-ls\/wp-json\/wp\/v2\/pages\/1106\/revisions\/1249"}],"wp:attachment":[{"href":"https:\/\/www.samiskhalsa.se\/sv-ls\/wp-json\/wp\/v2\/media?parent=1106"}],"curies":[{"name":"wp","href":"https:\/\/api.w.org\/{rel}","templated":true}]}}