{"id":1098,"date":"2022-06-03T10:48:33","date_gmt":"2022-06-03T09:48:33","guid":{"rendered":"https:\/\/www.samiskhalsa.se\/valde-aktijvuodav\/"},"modified":"2025-01-20T13:40:38","modified_gmt":"2025-01-20T12:40:38","slug":"valde-aktijvuodav","status":"publish","type":"page","link":"\/sv-ls\/valde-aktijvuodav\/","title":{"rendered":"Kontakta oss"},"content":{"rendered":"<article\n  class=\"p-[8vw] md:py-[8vw] lg:px-[12vw] first-of-type:mt-[var(--navbar-height)] !py-0 my-[4vw] first-of-type:!pt-[4vw]\"\n  aria-label=\"Buorisboahtem aktavuodav v\u00e1lldet!\"\n  id=\"toppsektion\"\n  class=\"!py-0 my-[4vw] first-of-type:!pt-[4vw]\"\n>\n  <section class=\"max-w-4xl mx-auto md:text-center\">\n          <p class=\"mb-3 text-sm md:mb-8 md:text-lg\">Kontakta oss<\/p>\n    \n    <h1 class=\"mb-6 text-lg md:mb-8 md:text-2xl text-red\">Buorisboahtem aktavuodav v\u00e1lldet!<\/h1>\n    <p class=\"text-sm md:text-lg\">Jus sid\u00e1 ienebuv diehtet mij\u00e1 bargo birra, jus li gatj\u00e1lvis\u00e1, jus sid\u00e1 aktan barggat jali lulu sihtat \u00e5hpadus\u00e1v r\u00e1vvit de la buorisboahtem aktavuodav mij\u00e1jn v\u00e1lldet!<\/p>\n  <\/section>\n<\/article>\n<article\n  class=\"p-[8vw] md:py-[8vw] lg:px-[12vw] first-of-type:mt-[var(--navbar-height)] !py-0 my-[8vw]\"\n  aria-label=\"Person-lista\"\n  id=\"person-lista\"\n  class=\"!py-0 my-[8vw]\"\n>\n  <h2 class=\"sr-only\">Person-lista<\/h2>\n  <section class=\"mx-auto max-w-7xl\">\n    <div class=\"flex flex-wrap justify-center -m-6\">\n              <section class=\"w-full p-6 md:w-1\/2 xl:w-1\/3\" title=\"Laila Daerga\">\n          <img decoding=\"async\" \n  src=\"https:\/\/www.samiskhalsa.se\/app\/uploads\/2024\/11\/laila2-1-2-e1770114817619.jpg\"\n  alt=\"\" title=\"\" loading=lazy class=\"mb-4 rounded object-cover aspect-square md:mb-9\"\n  \/>\n              <h3 class=\"mb-3 font-normal text-red\">Laila Daerga<\/h3>\n          <div class=\"text-sm md:text-base\">\n            <p class=\"mb-3\">Oajvveaktijdiddje <\/p>\n            <p>\n              <a href=\"mailto:laila.daerga@regionvasterbotten.se\">laila.daerga@regionvasterbotten.se<\/a>\n            <\/p>\n            <p>\n              <a href=\"tel:0730692884\">\n                073-069 28 84\n              <\/a>\n            <\/p>\n          <\/div>\n        <\/section>\n              <section class=\"w-full p-6 md:w-1\/2 xl:w-1\/3\" title=\"Inga Kuoljok\">\n          <img decoding=\"async\" \n  src=\"https:\/\/www.samiskhalsa.se\/app\/uploads\/2022\/10\/ca698448a224e5334a11d3f98e6f0c80.jpg\"\n  alt=\"\" title=\"\" loading=lazy class=\"mb-4 rounded object-cover aspect-square md:mb-9\"\n  \/>\n              <h3 class=\"mb-3 font-normal text-red\">Inga Kuoljok<\/h3>\n          <div class=\"text-sm md:text-base\">\n            <p class=\"mb-3\">S\u00e1me varresvuodaoajvve ja lenaaktijdiddje dajvan Norrbotten<\/p>\n            <p>\n              <a href=\"mailto:inga.kuoljok@norrbotten.se\">inga.kuoljok@norrbotten.se<\/a>\n            <\/p>\n            <p>\n              <a href=\"tel:097144415\">\n                0971-444 15\n              <\/a>\n            <\/p>\n          <\/div>\n        <\/section>\n              <section class=\"w-full p-6 md:w-1\/2 xl:w-1\/3\" title=\"Risten Utsi\">\n          <img decoding=\"async\" \n  src=\"https:\/\/www.samiskhalsa.se\/app\/uploads\/2022\/10\/b6158ff21dacdd8fed12a785266c5eaa.jpg\"\n  alt=\"\" title=\"\" loading=lazy class=\"mb-4 rounded object-cover aspect-square md:mb-9\"\n  \/>\n              <h3 class=\"mb-3 font-normal text-red\">Risten Utsi<\/h3>\n          <div class=\"text-sm md:text-base\">\n            <p class=\"mb-3\">Lenaaktijdiddje dajvan Norrbotten<\/p>\n            <p>\n              <a href=\"mailto:risten.a.utsi@norrbotten.se\">risten.a.utsi@norrbotten.se<\/a>\n            <\/p>\n            <p>\n              <a href=\"tel:\">\n                \n              <\/a>\n            <\/p>\n          <\/div>\n        <\/section>\n              <section class=\"w-full p-6 md:w-1\/2 xl:w-1\/3\" title=\"Ann-Jeanett St\u00e5l\">\n          <img decoding=\"async\" \n  src=\"https:\/\/www.samiskhalsa.se\/app\/uploads\/2022\/10\/13eeff7298e5b31e8fe649c6b87590bf.jpg\"\n  alt=\"\" title=\"\" loading=lazy class=\"mb-4 rounded object-cover aspect-square md:mb-9\"\n  \/>\n              <h3 class=\"mb-3 font-normal text-red\">Ann-Jeanett St\u00e5l<\/h3>\n          <div class=\"text-sm md:text-base\">\n            <p class=\"mb-3\">Lenaaktijdiddje dajvan Dalarna<\/p>\n            <p>\n              <a href=\"mailto:annjeanett.stal@regiondalarna.se\">annjeanett.stal@regiondalarna.se<\/a>\n            <\/p>\n            <p>\n              <a href=\"tel:0705690312\">\n                070-569 0312\n              <\/a>\n            <\/p>\n          <\/div>\n        <\/section>\n              <section class=\"w-full p-6 md:w-1\/2 xl:w-1\/3\" title=\"Anna Kr\u00e5ik \u00c5str\u00f6m (virggeloahpe)\">\n          <img decoding=\"async\" \n  src=\"https:\/\/www.samiskhalsa.se\/app\/uploads\/2022\/10\/63434b29ef317478bece3f1d16de952d.jpg\"\n  alt=\"\" title=\"\" loading=lazy class=\"mb-4 rounded object-cover aspect-square md:mb-9\"\n  \/>\n              <h3 class=\"mb-3 font-normal text-red\">Anna Kr\u00e5ik \u00c5str\u00f6m (virggeloahpe)<\/h3>\n          <div class=\"text-sm md:text-base\">\n            <p class=\"mb-3\">Lenaaktijdiddje dajvan J\u00e4mtland H\u00e4rjedalen<\/p>\n            <p>\n              <a href=\"mailto:anna.astrom@regionjh.se\">anna.astrom@regionjh.se<\/a>\n            <\/p>\n            <p>\n              <a href=\"tel:063147622\">\n                063-14 76 22\n              <\/a>\n            <\/p>\n          <\/div>\n        <\/section>\n              <section class=\"w-full p-6 md:w-1\/2 xl:w-1\/3\" title=\"Malin Blind\">\n                    <h3 class=\"mb-3 font-normal text-red\">Malin Blind<\/h3>\n          <div class=\"text-sm md:text-base\">\n            <p class=\"mb-3\">Lenaaktijdiddje dajvan V\u00e4sterbotten<\/p>\n            <p>\n              <a href=\"mailto:malin.blind@regionvasterbotten.se\">malin.blind@regionvasterbotten.se<\/a>\n            <\/p>\n            <p>\n              <a href=\"tel:\">\n                \n              <\/a>\n            <\/p>\n          <\/div>\n        <\/section>\n              <section class=\"w-full p-6 md:w-1\/2 xl:w-1\/3\" title=\"Viveka Nutti\">\n                    <h3 class=\"mb-3 font-normal text-red\">Viveka Nutti<\/h3>\n          <div class=\"text-sm md:text-base\">\n            <p class=\"mb-3\">Utbildare i Region Norrbotten<\/p>\n            <p>\n              <a href=\"mailto:viveka.nutti@norrbotten.se\">viveka.nutti@norrbotten.se<\/a>\n            <\/p>\n            <p>\n              <a href=\"tel:\">\n                \n              <\/a>\n            <\/p>\n          <\/div>\n        <\/section>\n              <section class=\"w-full p-6 md:w-1\/2 xl:w-1\/3\" title=\"Marja- Kristine Oskal\">\n                    <h3 class=\"mb-3 font-normal text-red\">Marja- Kristine Oskal<\/h3>\n          <div class=\"text-sm md:text-base\">\n            <p class=\"mb-3\">Utbildare i Region J\u00e4mtland-H\u00e4rjedalen<\/p>\n            <p>\n              <a href=\"mailto:marja-kristine.oskal@regionjh.se\">marja-kristine.oskal@regionjh.se<\/a>\n            <\/p>\n            <p>\n              <a href=\"tel:\">\n                \n              <\/a>\n            <\/p>\n          <\/div>\n        <\/section>\n              <section class=\"w-full p-6 md:w-1\/2 xl:w-1\/3\" title=\"Helena Dahlberg\">\n                    <h3 class=\"mb-3 font-normal text-red\">Helena Dahlberg<\/h3>\n          <div class=\"text-sm md:text-base\">\n            <p class=\"mb-3\">Utbildare i Region Dalarna<\/p>\n            <p>\n              <a href=\"mailto:helena.dahlberg@regiondalarna.se\">helena.dahlberg@regiondalarna.se<\/a>\n            <\/p>\n            <p>\n              <a href=\"tel:\">\n                \n              <\/a>\n            <\/p>\n          <\/div>\n        <\/section>\n          <\/div>\n  <\/section>\n<\/article>\n","protected":false},"excerpt":{"rendered":"","protected":false},"author":1,"featured_media":0,"parent":0,"menu_order":0,"comment_status":"closed","ping_status":"closed","template":"","meta":{"_acf_changed":false,"footnotes":""},"class_list":["post-1098","page","type-page","status-publish","hentry"],"acf":[],"_links":{"self":[{"href":"https:\/\/www.samiskhalsa.se\/sv-ls\/wp-json\/wp\/v2\/pages\/1098"}],"collection":[{"href":"https:\/\/www.samiskhalsa.se\/sv-ls\/wp-json\/wp\/v2\/pages"}],"about":[{"href":"https:\/\/www.samiskhalsa.se\/sv-ls\/wp-json\/wp\/v2\/types\/page"}],"author":[{"embeddable":true,"href":"https:\/\/www.samiskhalsa.se\/sv-ls\/wp-json\/wp\/v2\/users\/1"}],"replies":[{"embeddable":true,"href":"https:\/\/www.samiskhalsa.se\/sv-ls\/wp-json\/wp\/v2\/comments?post=1098"}],"version-history":[{"count":13,"href":"https:\/\/www.samiskhalsa.se\/sv-ls\/wp-json\/wp\/v2\/pages\/1098\/revisions"}],"predecessor-version":[{"id":1413,"href":"https:\/\/www.samiskhalsa.se\/sv-ls\/wp-json\/wp\/v2\/pages\/1098\/revisions\/1413"}],"wp:attachment":[{"href":"https:\/\/www.samiskhalsa.se\/sv-ls\/wp-json\/wp\/v2\/media?parent=1098"}],"curies":[{"name":"wp","href":"https:\/\/api.w.org\/{rel}","templated":true}]}}